{"id":15744,"date":"2018-08-06T13:56:13","date_gmt":"2018-08-06T10:56:13","guid":{"rendered":"https:\/\/www.aidu.ee\/home\/"},"modified":"2021-07-08T00:16:51","modified_gmt":"2021-07-07T21:16:51","slug":"home-3","status":"publish","type":"page","link":"https:\/\/dvv.aidu.ee\/fi\/","title":{"rendered":"Home fi"},"content":{"rendered":"<section class=\"wpb-content-wrapper\"><p>[vc_row][vc_column][vc_row_inner][vc_column_inner width=&#8221;1\/2&#8243;][vc_single_image image=&#8221;16372&#8243; img_size=&#8221;full&#8221; alignment=&#8221;center&#8221; onclick=&#8221;custom_link&#8221; css_animation=&#8221;fadeIn&#8221; link=&#8221;https:\/\/dvv.aidu.ee\/fi\/urheilijalle\/&#8221;][\/vc_column_inner][vc_column_inner width=&#8221;1\/2&#8243;][vc_single_image image=&#8221;16376&#8243; img_size=&#8221;full&#8221; alignment=&#8221;center&#8221; onclick=&#8221;custom_link&#8221; css_animation=&#8221;fadeIn&#8221; link=&#8221;https:\/\/dvv.aidu.ee\/fi\/lomanviettajalle\/&#8221;][\/vc_column_inner][\/vc_row_inner][\/vc_column][\/vc_row][vc_row full_width=&#8221;stretch_row&#8221; css_animation=&#8221;bounceInUp&#8221; bg_type=&#8221;bg_color&#8221; type=&#8221;vc_default&#8221;][vc_column][vc_column_text]<\/p>\n<h1 style=\"text-align: center;\">Tule Aiduun viett\u00e4m\u00e4\u00e4n aktiivilomaa<\/h1>\n<p>[\/vc_column_text][\/vc_column][\/vc_row][vc_row full_width=&#8221;stretch_row&#8221; css_animation=&#8221;bounceInUp&#8221; type=&#8221;vc_default&#8221;][vc_column][vc_column_text]<\/p>\n<p style=\"text-align: center;\">Aidu Veemaa on entisen \u00f6ljyliuskelouhoksen alueelle rakennettu ainutlaatuinen tekomaisema, jossa voi seikkailla vesill\u00e4, vedess\u00e4 ja vesien rannalla tai j\u00e4rjest\u00e4\u00e4 huipputason urheilutapahtumia.<\/p>\n<p>[\/vc_column_text][\/vc_column][\/vc_row][vc_row full_width=&#8221;stretch_row&#8221; css_animation=&#8221;bounceInUp&#8221; type=&#8221;vc_default&#8221;][vc_column][vc_column_text]<\/p>\n<h1 style=\"text-align: center;\">Palvelut<\/h1>\n<p>[\/vc_column_text][\/vc_column][\/vc_row][vc_row full_width=&#8221;stretch_row&#8221; css_animation=&#8221;bounceInUp&#8221; type=&#8221;vc_default&#8221;][vc_column el_class=&#8221;five-columns&#8221;][vc_row_inner][vc_column_inner width=&#8221;1\/6&#8243;]<div class=\"aio-icon-component  vc_custom_1528262571990  accent-icon-bg style_2\"><a class=\"aio-icon-box-link\" href=\"https:\/\/www.aidu.ee\/paadisoit\/\" ><div id=\"Info-box-wrap-2525\" class=\"aio-icon-box top-icon\" style=\"\"  ><div class=\"aio-icon-top\"><div class=\"ult-just-icon-wrapper  \"><div class=\"align-icon\" style=\"text-align:center;\">\n<div class=\"aio-icon-img \" style=\"font-size:120px;display:inline-block;\" >\n\t<img class=\"img-icon\" alt=\"null\" src=\"https:&#x2f;&#x2f;&#x64;&#x76;&#118;&#46;aid&#x75;&#x2e;&#x65;&#x65;&#47;&#119;p-c&#x6f;&#x6e;&#x74;&#x65;&#110;&#116;&#47;up&#x6c;&#x6f;&#x61;&#x64;&#115;&#47;&#65;ER&#x55;&#x50;&#x41;&#x41;&#84;&#64;&#50;x&#46;&#x70;&#x6e;&#x67;\"\/>\n<\/div><\/div><\/div><\/div><div class=\"aio-icon-header\" ><h3 class=\"aio-icon-title ult-responsive\"  data-ultimate-target='#Info-box-wrap-2525 .aio-icon-title'  data-responsive-json-new='{\"font-size\":\"desktop:16px;\",\"line-height\":\"desktop:26px;\"}'  style=\"font-weight:bold;\">VENEILY<\/h3><\/div> <!-- header --><div class=\"aio-icon-description ult-responsive\"  data-ultimate-target='#Info-box-wrap-2525 .aio-icon-description'  data-responsive-json-new='{\"font-size\":\"\",\"line-height\":\"\"}'  style=\"\">Tutustu Aidun louhokseen kulkemalla vesill\u00e4 moottoriveneell\u00e4 tai lautalla. Lis\u00e4varusteina voi k\u00e4ytt\u00e4\u00e4 my\u00f6s SUP-lautaa, vesisuksia ja vesilautaa.<\/div> <!-- description --><\/div> <!-- aio-icon-box --><\/a><\/div> <!-- aio-icon-component -->[\/vc_column_inner][vc_column_inner width=&#8221;1\/6&#8243;]<div class=\"aio-icon-component  vc_custom_1528263241141  accent-icon-bg style_2\"><a class=\"aio-icon-box-link\" href=\"https:\/\/www.aidu.ee\/kanuumatk\/\" ><div id=\"Info-box-wrap-7811\" class=\"aio-icon-box top-icon\" style=\"\"  ><div class=\"aio-icon-top\"><div class=\"ult-just-icon-wrapper  \"><div class=\"align-icon\" style=\"text-align:center;\">\n<div class=\"aio-icon-img \" style=\"font-size:120px;display:inline-block;\" >\n\t<img class=\"img-icon\" alt=\"null\" src=\"https:&#x2f;&#x2f;&#x64;&#x76;&#x76;&#46;&#97;&#105;&#100;u&#46;e&#x65;&#x2f;&#x77;&#x70;&#x2d;&#x63;&#111;&#110;&#116;ent&#x2f;&#x75;&#x70;&#x6c;&#x6f;&#x61;&#100;&#115;&#47;&#75;ANU&#x55;&#x40;&#x32;&#x78;&#x2e;&#x70;&#110;&#103;\"\/>\n<\/div><\/div><\/div><\/div><div class=\"aio-icon-header\" ><h3 class=\"aio-icon-title ult-responsive\"  data-ultimate-target='#Info-box-wrap-7811 .aio-icon-title'  data-responsive-json-new='{\"font-size\":\"desktop:16px;\",\"line-height\":\"desktop:26px;\"}'  style=\"font-weight:bold;\">KANOOTTIRETKI<\/h3><\/div> <!-- header --><div class=\"aio-icon-description ult-responsive\"  data-ultimate-target='#Info-box-wrap-7811 .aio-icon-description'  data-responsive-json-new='{\"font-size\":\"\",\"line-height\":\"\"}'  style=\"\">Aidu Veemaalla kanoottiretkest\u00e4 tulee ihan erilainen el\u00e4mys, jolla voi n\u00e4hd\u00e4 vanhoja saostusaltaita, veden t\u00e4ytt\u00e4mi\u00e4 kaivantoja ja paljon muuta mielenkiintoista.<\/div> <!-- description --><\/div> <!-- aio-icon-box --><\/a><\/div> <!-- aio-icon-component -->[\/vc_column_inner][vc_column_inner width=&#8221;1\/6&#8243;]<div class=\"aio-icon-component  vc_custom_1528263082761  accent-icon-bg style_2\"><a class=\"aio-icon-box-link\" href=\"https:\/\/www.aidu.ee\/kiirpaadiga-veele\/\" ><div id=\"Info-box-wrap-7518\" class=\"aio-icon-box top-icon\" style=\"\"  ><div class=\"aio-icon-top\"><div class=\"ult-just-icon-wrapper  \"><div class=\"align-icon\" style=\"text-align:center;\">\n<div class=\"aio-icon-img \" style=\"font-size:120px;display:inline-block;\" >\n\t<img class=\"img-icon\" alt=\"null\" src=\"https:\/\/dv&#118;&#46;&#97;&#105;&#100;&#x75;&#x2e;&#x65;&#x65;&#x2f;&#x77;&#x70;-con&#116;&#101;&#110;&#116;&#47;&#x75;&#x70;&#x6c;&#x6f;&#x61;&#x64;&#x73;&#x2f;KIIR&#80;&#65;&#65;&#84;&#64;&#x32;&#x78;&#x2e;&#x70;&#x6e;&#x67;\"\/>\n<\/div><\/div><\/div><\/div><div class=\"aio-icon-header\" ><h3 class=\"aio-icon-title ult-responsive\"  data-ultimate-target='#Info-box-wrap-7518 .aio-icon-title'  data-responsive-json-new='{\"font-size\":\"desktop:16px;\",\"line-height\":\"desktop:26px;\"}'  style=\"font-weight:bold;\">PIKAVENEELL\u00c4 VESILLE<\/h3><\/div> <!-- header --><div class=\"aio-icon-description ult-responsive\"  data-ultimate-target='#Info-box-wrap-7518 .aio-icon-description'  data-responsive-json-new='{\"font-size\":\"\",\"line-height\":\"\"}'  style=\"\">Oletko koskaan kiit\u00e4nyt vesill\u00e4 130 km\/h?<br \/>\nMeill\u00e4 Aidussa voi kokeilla sit\u00e4.<\/div> <!-- description --><\/div> <!-- aio-icon-box --><\/a><\/div> <!-- aio-icon-component -->[\/vc_column_inner][vc_column_inner width=&#8221;1\/6&#8243;]<div class=\"aio-icon-component  vc_custom_1528263114607  accent-icon-bg style_2\"><a class=\"aio-icon-box-link\" href=\"https:\/\/www.aidu.ee\/paadiga-sauna\/\" ><div id=\"Info-box-wrap-9394\" class=\"aio-icon-box top-icon\" style=\"\"  ><div class=\"aio-icon-top\"><div class=\"ult-just-icon-wrapper  \"><div class=\"align-icon\" style=\"text-align:center;\">\n<div class=\"aio-icon-img \" style=\"font-size:120px;display:inline-block;\" >\n\t<img class=\"img-icon\" alt=\"null\" src=\"https:&#x2f;\/&#x64;&#118;v&#x2e;&#97;&#x69;&#x64;u&#x2e;&#101;e&#x2f;&#119;&#x70;&#45;c&#x6f;&#110;t&#x65;&#110;&#x74;&#47;u&#x70;&#108;&#x6f;&#x61;d&#x73;&#47;P&#x41;&#65;&#x44;&#x49;G&#x41;&#95;S&#x41;&#85;&#x4e;&#65;&#64;&#x32;&#120;&#x2e;&#x70;n&#x67;\"\/>\n<\/div><\/div><\/div><\/div><div class=\"aio-icon-header\" ><h3 class=\"aio-icon-title ult-responsive\"  data-ultimate-target='#Info-box-wrap-9394 .aio-icon-title'  data-responsive-json-new='{\"font-size\":\"desktop:16px;\",\"line-height\":\"desktop:26px;\"}'  style=\"font-weight:bold;\">VENELL\u00c4 SAUNAAN<\/h3><\/div> <!-- header --><div class=\"aio-icon-description ult-responsive\"  data-ultimate-target='#Info-box-wrap-9394 .aio-icon-description'  data-responsive-json-new='{\"font-size\":\"\",\"line-height\":\"\"}'  style=\"\">Tarjoamme pienehk\u00f6ille seurueille mahdollisuutta retkeill\u00e4 Aidun louhoksen vesill\u00e4 liki 10 km.<\/div> <!-- description --><\/div> <!-- aio-icon-box --><\/a><\/div> <!-- aio-icon-component -->[\/vc_column_inner][vc_column_inner width=&#8221;1\/6&#8243;]<div class=\"aio-icon-component  vc_custom_1528263033417  accent-icon-bg style_2\"><a class=\"aio-icon-box-link\" href=\"https:\/\/www.aidu.ee\/rent\/\" ><div id=\"Info-box-wrap-5903\" class=\"aio-icon-box top-icon\" style=\"\"  ><div class=\"aio-icon-top\"><div class=\"ult-just-icon-wrapper  \"><div class=\"align-icon\" style=\"text-align:center;\">\n<div class=\"aio-icon-img \" style=\"font-size:120px;display:inline-block;\" >\n\t<img class=\"img-icon\" alt=\"null\" src=\"https:&#x2f;&#x2f;&#x64;&#118;&#118;&#46;a&#x69;&#x64;&#x75;&#x2e;&#101;&#101;\/w&#x70;&#x2d;&#x63;&#111;&#110;&#116;en&#x74;&#x2f;&#x75;&#112;&#108;oa&#x64;&#x73;&#x2f;&#x52;&#69;&#78;DI&#x40;&#x32;&#x78;&#46;&#112;&#110;g\"\/>\n<\/div><\/div><\/div><\/div><div class=\"aio-icon-header\" ><h3 class=\"aio-icon-title ult-responsive\"  data-ultimate-target='#Info-box-wrap-5903 .aio-icon-title'  data-responsive-json-new='{\"font-size\":\"desktop:16px;\",\"line-height\":\"desktop:26px;\"}'  style=\"font-weight:bold;\">VUOKRAVARUSTEET<\/h3><\/div> <!-- header --><div class=\"aio-icon-description ult-responsive\"  data-ultimate-target='#Info-box-wrap-5903 .aio-icon-description'  data-responsive-json-new='{\"font-size\":\"\",\"line-height\":\"\"}'  style=\"\">Kannattaa tutustua my\u00f6s tiimiimme tarjoamiin palveluihin \u2013 l\u00e4ht\u00f6 veneell\u00e4 saunaan, pikaveneajo, moottorivene- tai lautta-ajo sek\u00e4 kanoottiretki.<\/div> <!-- description --><\/div> <!-- aio-icon-box --><\/a><\/div> <!-- aio-icon-component -->[\/vc_column_inner][\/vc_row_inner][\/vc_column][\/vc_row][vc_row full_width=&#8221;stretch_row&#8221; type=&#8221;vc_default&#8221;][vc_column][vc_column_text]<\/p>\n<h1 style=\"text-align: center;\">#aidukarj\u00e4\u00e4r<\/h1>\n<p>[\/vc_column_text][\/vc_column][\/vc_row][vc_row full_width=&#8221;stretch_row&#8221; type=&#8221;vc_default&#8221;][vc_column][vc_widget_sidebar sidebar_id=&#8221;sidebar_3&#8243;][\/vc_column][\/vc_row][vc_row full_width=&#8221;stretch_row&#8221; type=&#8221;vc_default&#8221;][vc_column][vc_column_text]<\/p>\n<h1 style=\"text-align: center;\">Miss\u00e4 l\u00f6yd\u00e4n<\/h1>\n<p>[\/vc_column_text][\/vc_column][\/vc_row][vc_row full_width=&#8221;stretch_row_content_no_spaces&#8221; parallax_content=&#8221;parallax_content_value&#8221;][vc_column][vc_gmaps link=&#8221;#E-8_JTNDaWZyYW1lJTIwc3JjJTNEJTIyaHR0cHMlM0ElMkYlMkZ3d3cuZ29vZ2xlLmNvbSUyRm1hcHMlMkZlbWJlZCUzRnBiJTNEJTIxMW0xOCUyMTFtMTIlMjExbTMlMjExZDY1MTM2LjI3Nzc0Mjk0MzE0NCUyMTJkMjcuMTA2ODU1NDM5ODE4NTU2JTIxM2Q1OS4zMjQ0NjA4MzQzOTM5OTYlMjEybTMlMjExZjAlMjEyZjAlMjEzZjAlMjEzbTIlMjExaTEwMjQlMjEyaTc2OCUyMTRmMTMuMSUyMTNtMyUyMTFtMiUyMTFzMHg0Njk0N2U5NGVhMzQ2NjIzJTI1M0EweDcyNmEwZDBhMzIzNDhhMDUlMjEyc0FpZHUlMkJWZWVzcG9yZGlrZXNrdXMlMjE1ZTAlMjEzbTIlMjExc2VuJTIxMnNsdiUyMTR2MTUyNTA3MzA3Nzk5MyUyMiUyMHdpZHRoJTNEJTIyNjAwJTIyJTIwaGVpZ2h0JTNEJTIyNDUwJTIyJTIwZnJhbWVib3JkZXIlM0QlMjIwJTIyJTIwc3R5bGUlM0QlMjJib3JkZXIlM0EwJTIyJTIwYWxsb3dmdWxsc2NyZWVuJTNFJTNDJTJGaWZyYW1lJTNF&#8221;][\/vc_column][\/vc_row][vc_row][vc_column][vc_column_text]<a href=\"https:\/\/www.aidu.ee\/fi\/tulevaisuus\/\"><img decoding=\"async\" class=\"eu-logo\" src=\"\/wp-content\/uploads\/EU-logo-est.png\" \/><\/a>[\/vc_column_text][\/vc_column][\/vc_row]<\/p>\n<\/section>","protected":false},"excerpt":{"rendered":"<p>[vc_row][vc_column][vc_row_inner][vc_column_inner width=&#8221;1\/2&#8243;][vc_single_image image=&#8221;16372&#8243; img_size=&#8221;full&#8221; alignment=&#8221;center&#8221; onclick=&#8221;custom_link&#8221; css_animation=&#8221;fadeIn&#8221; link=&#8221;https:\/\/dvv.aidu.ee\/fi\/urheilijalle\/&#8221;][\/vc_column_inner][vc_column_inner width=&#8221;1\/2&#8243;][vc_single_image image=&#8221;16376&#8243; img_size=&#8221;full&#8221; alignment=&#8221;center&#8221; onclick=&#8221;custom_link&#8221; css_animation=&#8221;fadeIn&#8221; link=&#8221;https:\/\/dvv.aidu.ee\/fi\/lomanviettajalle\/&#8221;][\/vc_column_inner][\/vc_row_inner][\/vc_column][\/vc_row][vc_row full_width=&#8221;stretch_row&#8221; css_animation=&#8221;bounceInUp&#8221; bg_type=&#8221;bg_color&#8221; type=&#8221;vc_default&#8221;][vc_column][vc_column_text] Tule Aiduun viett\u00e4m\u00e4\u00e4n aktiivilomaa [\/vc_column_text][\/vc_column][\/vc_row][vc_row full_width=&#8221;stretch_row&#8221; css_animation=&#8221;bounceInUp&#8221; type=&#8221;vc_default&#8221;][vc_column][vc_column_text] Aidu Veemaa on entisen \u00f6ljyliuskelouhoksen alueelle rakennettu ainutlaatuinen tekomaisema, jossa voi seikkailla vesill\u00e4, vedess\u00e4 ja vesien rannalla tai j\u00e4rjest\u00e4\u00e4 huipputason urheilutapahtumia. [\/vc_column_text][\/vc_column][\/vc_row][vc_row full_width=&#8221;stretch_row&#8221; css_animation=&#8221;bounceInUp&#8221; type=&#8221;vc_default&#8221;][vc_column][vc_column_text] Palvelut [\/vc_column_text][\/vc_column][\/vc_row][vc_row full_width=&#8221;stretch_row&#8221;&hellip;<\/p>\n","protected":false},"author":2,"featured_media":0,"parent":0,"menu_order":0,"comment_status":"closed","ping_status":"closed","template":"","meta":{"ngg_post_thumbnail":0,"_wp_rev_ctl_limit":""},"_links":{"self":[{"href":"https:\/\/dvv.aidu.ee\/fi\/wp-json\/wp\/v2\/pages\/15744"}],"collection":[{"href":"https:\/\/dvv.aidu.ee\/fi\/wp-json\/wp\/v2\/pages"}],"about":[{"href":"https:\/\/dvv.aidu.ee\/fi\/wp-json\/wp\/v2\/types\/page"}],"author":[{"embeddable":true,"href":"https:\/\/dvv.aidu.ee\/fi\/wp-json\/wp\/v2\/users\/2"}],"replies":[{"embeddable":true,"href":"https:\/\/dvv.aidu.ee\/fi\/wp-json\/wp\/v2\/comments?post=15744"}],"version-history":[{"count":0,"href":"https:\/\/dvv.aidu.ee\/fi\/wp-json\/wp\/v2\/pages\/15744\/revisions"}],"wp:attachment":[{"href":"https:\/\/dvv.aidu.ee\/fi\/wp-json\/wp\/v2\/media?parent=15744"}],"curies":[{"name":"wp","href":"https:\/\/api.w.org\/{rel}","templated":true}]}}