{"id":15621,"date":"2018-07-03T22:35:39","date_gmt":"2018-07-03T19:35:39","guid":{"rendered":"https:\/\/www.aidu.ee\/yhteystiedot\/"},"modified":"2018-07-03T22:35:39","modified_gmt":"2018-07-03T19:35:39","slug":"yhteystiedot","status":"publish","type":"page","link":"https:\/\/dvv.aidu.ee\/fi\/yhteystiedot\/","title":{"rendered":"Yhteystiedot"},"content":{"rendered":"<section class=\"wpb-content-wrapper\"><p>[vc_row][vc_column][vc_column_text]<\/p>\n<p><strong>Sijainti: <\/strong>Kanali, Aidu k\u00fcla, L\u00fcganuse vald, Ida-Virumaa, 42303, Viro<\/p>\n<p><strong>Puhelin:\u00a0<\/strong>+372 5307 1700<\/p>\n<p><strong> S\u00e4hk\u00f6posti:\u00a0<\/strong>info&#64;&#97;&#105;&#100;&#117;&#46;&#101;&#x65;<\/p>\n<p>Aidu Veemaa sijaitsee L\u00fcganusen kunnassa\u00a0<a href=\"http:\/\/idaviru.ee\/fi\/\">It\u00e4-Virumaalla<\/a>.<\/p>\n<p>Tallinnasta tai Tartosta on kahden tunnin ajomatka, ajo rajakaupunki Narvasta Aiduun vie v\u00e4h\u00e4n yli tunnin. L\u00e4himm\u00e4t joukkoliikennepys\u00e4kit sijaitsevat P\u00fcssiss\u00e4 ja Kivi\u00f5lissa, joissa pys\u00e4htyv\u00e4t sek\u00e4 kaukoliikenteen bussit ett\u00e4 Tallinna\u2013Narva-juna. Bussipys\u00e4kki sijaitsee my\u00f6s Maidlassa, mutta sinne ajavat vain maakunnan paikallislinjat.<\/p>\n<ul>\n<li>Et\u00e4isyyksi\u00e4:<\/li>\n<li><strong>Tallinna (130 km)<\/strong>\u2013 satama, lentoasema, rautatieasema, linja-autoasema<\/li>\n<li><strong>J\u00f5hvi (35 km)<\/strong>\u2013 kansainv\u00e4linen bussiliikenne, rautatieasema<\/li>\n<li><strong>Kivi\u00f5li (10 km)<\/strong>\u2013 l\u00e4hikaupunki: kaupat, bussiliikenne, rautatieasema<\/li>\n<li><strong>P\u00fcssi (7 km)<\/strong>\u2013 l\u00e4hin kaupunki: bussiliikenne, rautatieasema<\/li>\n<li><strong>Maidla (6 km)<\/strong>\u2013 l\u00e4hin taajama: paikallisbussiliikenne<\/li>\n<li><strong>Sillam\u00e4e (52 km)<\/strong>\u2013 satama<\/li>\n<li><strong>Narva (80 km)<\/strong>\u00a0\u2013 rajakaupunki<\/li>\n<\/ul>\n<p>[\/vc_column_text][\/vc_column][\/vc_row][vc_row][vc_column][vc_gmaps link=&#8221;#E-8_JTNDaWZyYW1lJTIwc3JjJTNEJTIyaHR0cHMlM0ElMkYlMkZ3d3cuZ29vZ2xlLmNvbSUyRm1hcHMlMkZlbWJlZCUzRnBiJTNEJTIxMW0xOCUyMTFtMTIlMjExbTMlMjExZDY1MTM2LjI3Nzc0Mjk0MzE0NCUyMTJkMjcuMTA2ODU1NDM5ODE4NTU2JTIxM2Q1OS4zMjQ0NjA4MzQzOTM5OTYlMjEybTMlMjExZjAlMjEyZjAlMjEzZjAlMjEzbTIlMjExaTEwMjQlMjEyaTc2OCUyMTRmMTMuMSUyMTNtMyUyMTFtMiUyMTFzMHg0Njk0N2U5NGVhMzQ2NjIzJTI1M0EweDcyNmEwZDBhMzIzNDhhMDUlMjEyc0FpZHUlMkJWZWVzcG9yZGlrZXNrdXMlMjE1ZTAlMjEzbTIlMjExc2VuJTIxMnNsdiUyMTR2MTUyNTA3MzA3Nzk5MyUyMiUyMHdpZHRoJTNEJTIyNjAwJTIyJTIwaGVpZ2h0JTNEJTIyNDUwJTIyJTIwZnJhbWVib3JkZXIlM0QlMjIwJTIyJTIwc3R5bGUlM0QlMjJib3JkZXIlM0EwJTIyJTIwYWxsb3dmdWxsc2NyZWVuJTNFJTNDJTJGaWZyYW1lJTNF&#8221;][\/vc_column][\/vc_row]<\/p>\n<\/section>","protected":false},"excerpt":{"rendered":"<p>[vc_row][vc_column][vc_column_text] Sijainti: Kanali, Aidu k\u00fcla, L\u00fcganuse vald, Ida-Virumaa, 42303, Viro Puhelin:\u00a0+372 5307 1700 S\u00e4hk\u00f6posti:\u00a0&#x69;&#110;f&#x6f;&#64;a&#x69;&#x64;&#117;&#x2e;&#x65;&#101; Aidu Veemaa sijaitsee L\u00fcganusen kunnassa\u00a0It\u00e4-Virumaalla. Tallinnasta tai Tartosta on kahden tunnin ajomatka, ajo rajakaupunki Narvasta Aiduun vie v\u00e4h\u00e4n yli tunnin. L\u00e4himm\u00e4t joukkoliikennepys\u00e4kit sijaitsevat P\u00fcssiss\u00e4 ja Kivi\u00f5lissa, joissa pys\u00e4htyv\u00e4t sek\u00e4 kaukoliikenteen bussit ett\u00e4 Tallinna\u2013Narva-juna. Bussipys\u00e4kki sijaitsee my\u00f6s Maidlassa, mutta sinne ajavat vain&hellip;<\/p>\n","protected":false},"author":2,"featured_media":0,"parent":0,"menu_order":0,"comment_status":"closed","ping_status":"closed","template":"","meta":{"ngg_post_thumbnail":0,"_wp_rev_ctl_limit":""},"_links":{"self":[{"href":"https:\/\/dvv.aidu.ee\/fi\/wp-json\/wp\/v2\/pages\/15621"}],"collection":[{"href":"https:\/\/dvv.aidu.ee\/fi\/wp-json\/wp\/v2\/pages"}],"about":[{"href":"https:\/\/dvv.aidu.ee\/fi\/wp-json\/wp\/v2\/types\/page"}],"author":[{"embeddable":true,"href":"https:\/\/dvv.aidu.ee\/fi\/wp-json\/wp\/v2\/users\/2"}],"replies":[{"embeddable":true,"href":"https:\/\/dvv.aidu.ee\/fi\/wp-json\/wp\/v2\/comments?post=15621"}],"version-history":[{"count":0,"href":"https:\/\/dvv.aidu.ee\/fi\/wp-json\/wp\/v2\/pages\/15621\/revisions"}],"wp:attachment":[{"href":"https:\/\/dvv.aidu.ee\/fi\/wp-json\/wp\/v2\/media?parent=15621"}],"curies":[{"name":"wp","href":"https:\/\/api.w.org\/{rel}","templated":true}]}}