{"id":15620,"date":"2018-07-03T22:32:06","date_gmt":"2018-07-03T19:32:06","guid":{"rendered":"https:\/\/www.aidu.ee\/vuokravarusteet\/"},"modified":"2018-07-03T22:32:06","modified_gmt":"2018-07-03T19:32:06","slug":"vuokravarusteet","status":"publish","type":"page","link":"https:\/\/dvv.aidu.ee\/fi\/vuokravarusteet\/","title":{"rendered":"Vuokravarusteet"},"content":{"rendered":"<p>Jos haluat tutustua Aidu Veemaahan omatoimisesti, sinun ei tarvitse olla huolissa varusteista! Kerro ajoissa meille toiveistasi ja ilmoita, milloin olet tulossa, niin huolehdimme siit\u00e4, ett\u00e4 sinua odottaa paikalla kaikki, mit\u00e4 tarvitset.<\/p>\n<p>Kannattaa tutustua my\u00f6s tiimiimme tarjoamiin palveluihin \u2013\u00a0<u><a href=\"https:\/\/www.aidu.ee\/fi\/veneella-saunaan\/\">l\u00e4ht\u00f6 veneell\u00e4 saunaan<\/a><\/u>,\u00a0<u><a href=\"https:\/\/www.aidu.ee\/fi\/pikaveneella-vesille\/\">pikaveneajo<\/a><\/u>,\u00a0<u><a href=\"https:\/\/www.aidu.ee\/fi\/veneily\/\">moottorivene- tai lautta-ajo<\/a><\/u>\u00a0sek\u00e4\u00a0<u><a href=\"https:\/\/www.aidu.ee\/fi\/kanoottiretki\/\">kanoottiretki<\/a><\/u>.<\/p>\n<h3>KANOOTTIEN VUOKRAUS<\/h3>\n<p>Ryhm\u00e4n koko: enint\u00e4\u00e4n 12 henke\u00e4<br \/>\nHinta: alk. 10\u00a0\u20ac\/h \/ 3\u00a0h 15\u00a0\u20ac \/ p\u00e4iv\u00e4vuokra 25\u00a0\u20ac<\/p>\n<h3>LOHIK\u00c4\u00c4RMEVENEEN VUOKRAUS<\/h3>\n<p>Ryhm\u00e4n koko: enint\u00e4\u00e4n 8 hl\u00f6<br \/>\nHinta: alk. 80\u00a0\u20ac 1\u20134\u00a0h \/ p\u00e4iv\u00e4vuokra 150\u00a0\u20ac<\/p>\n<h3>RAFTIN VUOKRAUS<\/h3>\n<p>Ryhm\u00e4n koko: enint\u00e4\u00e4n 8 hl\u00f6<br \/>\nHinta: p\u00e4iv\u00e4vuokra 120\u00a0\u20ac<\/p>\n<h3>KAJAKIN VUOKRAUS<\/h3>\n<p>Ryhm\u00e4n koko: enint\u00e4\u00e4n 7 hl\u00f6 (yhteens\u00e4 3 yksipaikkaista ja 2 kaksipaikkaista kajakkia)<br \/>\nYksipaikkaisen kajakin p\u00e4iv\u00e4vuokra 35 \u20ac<br \/>\nKaksipaikkaisen kajakin p\u00e4iv\u00e4vuokra 55 \u20ac<\/p>\n<h3>SUP-LAUDAN VUOKRAUS<\/h3>\n<p>Vuokrattavissa enint\u00e4\u00e4n 2 SUP-lautaa<br \/>\nHinta: alk. 10\u00a0\u20ac\/h \/ enint\u00e4\u00e4n 4\u00a0h 25\u00a0\u20ac \/ p\u00e4iv\u00e4vuokra 35\u00a0\u20ac<\/p>\n<h3>MOOTTORIVENE JA KAPTEENI<\/h3>\n<p>Ryhm\u00e4n koko: enint\u00e4\u00e4n 8 hl\u00f6 (hintaan sis\u00e4ltyy vesisuksien ja waken k\u00e4ytt\u00f6)<br \/>\nHinta: alk. 80\u00a0\u20ac\/h \/ enint\u00e4\u00e4n 3\u00a0h 120\u00a0\u20ac \/ p\u00e4iv\u00e4vuokra 250\u00a0\u20ac<\/p>\n<h3>VESISUKSIEN K\u00c4YTT\u00d6<\/h3>\n<p>Vuokrattavissa 2 suksiparia<br \/>\nHinta: 10 \u20ac\/h<\/p>\n<h3>WAKE-LAUDAN K\u00c4YTT\u00d6<\/h3>\n<p>Vuokrattavissa 2 lautaa<br \/>\nHinta: 10 \u20ac\/h<\/p>\n<p>Autamme mielell\u00e4mme hoitamaan varustevuokrauksen, jotta voisit l\u00f6yt\u00e4\u00e4 meill\u00e4 kymmeni\u00e4 kilometrej\u00e4 vesireittej\u00e4!<\/p>\n","protected":false},"excerpt":{"rendered":"<p>Jos haluat tutustua Aidu Veemaahan omatoimisesti, sinun ei tarvitse olla huolissa varusteista! Kerro ajoissa meille toiveistasi ja ilmoita, milloin olet tulossa, niin huolehdimme siit\u00e4, ett\u00e4 sinua odottaa paikalla kaikki, mit\u00e4 tarvitset. Kannattaa tutustua my\u00f6s tiimiimme tarjoamiin palveluihin \u2013\u00a0l\u00e4ht\u00f6 veneell\u00e4 saunaan,\u00a0pikaveneajo,\u00a0moottorivene- tai lautta-ajo\u00a0sek\u00e4\u00a0kanoottiretki. KANOOTTIEN VUOKRAUS Ryhm\u00e4n koko: enint\u00e4\u00e4n 12 henke\u00e4 Hinta: alk. 10\u00a0\u20ac\/h \/ 3\u00a0h 15\u00a0\u20ac&hellip;<\/p>\n","protected":false},"author":2,"featured_media":0,"parent":0,"menu_order":0,"comment_status":"closed","ping_status":"closed","template":"","meta":{"ngg_post_thumbnail":0,"_wp_rev_ctl_limit":""},"_links":{"self":[{"href":"https:\/\/dvv.aidu.ee\/fi\/wp-json\/wp\/v2\/pages\/15620"}],"collection":[{"href":"https:\/\/dvv.aidu.ee\/fi\/wp-json\/wp\/v2\/pages"}],"about":[{"href":"https:\/\/dvv.aidu.ee\/fi\/wp-json\/wp\/v2\/types\/page"}],"author":[{"embeddable":true,"href":"https:\/\/dvv.aidu.ee\/fi\/wp-json\/wp\/v2\/users\/2"}],"replies":[{"embeddable":true,"href":"https:\/\/dvv.aidu.ee\/fi\/wp-json\/wp\/v2\/comments?post=15620"}],"version-history":[{"count":0,"href":"https:\/\/dvv.aidu.ee\/fi\/wp-json\/wp\/v2\/pages\/15620\/revisions"}],"wp:attachment":[{"href":"https:\/\/dvv.aidu.ee\/fi\/wp-json\/wp\/v2\/media?parent=15620"}],"curies":[{"name":"wp","href":"https:\/\/api.w.org\/{rel}","templated":true}]}}