{"id":15619,"date":"2018-07-03T22:29:55","date_gmt":"2018-07-03T19:29:55","guid":{"rendered":"https:\/\/www.aidu.ee\/offroad-safari\/"},"modified":"2018-07-03T22:29:55","modified_gmt":"2018-07-03T19:29:55","slug":"offroad-safari-3","status":"publish","type":"page","link":"https:\/\/dvv.aidu.ee\/fi\/offroad-safari-3\/","title":{"rendered":"Offroad-safari"},"content":{"rendered":"<p style=\"margin: 0cm; margin-bottom: .0001pt; line-height: 150%; background: #F1FFFA;\"><span lang=\"FI\" style=\"font-size: 11.0pt; line-height: 150%; font-family: 'Arial',sans-serif;\">Aidu Veemaa on entisen \u00f6ljyliuskelouhoksen alueelle rakennettu ainutlaatuinen tekomaisema, joka sopii seikkailuun my\u00f6s vesien rannalla.<\/span><\/p>\n<p style=\"margin: 0cm; margin-bottom: .0001pt; line-height: 150%; background: #F1FFFA;\"><span lang=\"FI\" style=\"font-size: 11.0pt; line-height: 150%; font-family: 'Arial',sans-serif;\">Offroad-safari on kaveripiireille tarkoitettu eritt\u00e4in adrenaliinipitoinen seikkailu, jossa voi j\u00e4nnitt\u00e4v\u00e4n ajon lis\u00e4ksi tutustua entisen \u00f6ljyliuskekaivoksen mielenkiintoisin paikkoihin, kuten Sipelgam\u00e4gi (Muurahaisvuori), soutukanava, vanhat saostusaltaat, veden t\u00e4ytt\u00e4m\u00e4t kaivannot ja paljon muuta mielenkiintoista. Opas jakaa offroad-safarin seurueelle mielenkiintoista tietoa \u00f6ljyliuskeesta ja ymp\u00e4rist\u00f6nsuojelusta.<\/span><\/p>\n<p style=\"margin: 0cm; margin-bottom: .0001pt; line-height: 150%; background: #F1FFFA;\"><span lang=\"FI\" style=\"font-size: 11.0pt; line-height: 150%; font-family: 'Arial',sans-serif;\">Taatusti j\u00e4nnitt\u00e4v\u00e4\u00e4 maisemaa ja raikasta ilmaa. No tietysti my\u00f6s seikkailukas p\u00e4iv\u00e4 offroad-safarissa.\u00a0Eritt\u00e4in j\u00e4nnitt\u00e4v\u00e4\u00e4 on, ett\u00e4 halutessasi voit itse olla auton ratissa.<\/span><\/p>\n<p style=\"margin: 0cm; margin-bottom: .0001pt; line-height: 150%; background: #F1FFFA;\"><strong><span lang=\"FI\" style=\"font-size: 11.0pt; line-height: 150%; font-family: 'Arial',sans-serif;\">Ryhm\u00e4n koko:<\/span><\/strong><span lang=\"FI\" style=\"font-size: 11.0pt; line-height: 150%; font-family: 'Arial',sans-serif;\">\u00a0kes\u00e4ll\u00e4 2\u201314, talvella 2\u201310 hl\u00f6<\/span><\/p>\n<p style=\"margin: 0cm; margin-bottom: .0001pt; line-height: 150%; background: #F1FFFA;\"><strong><span lang=\"FI\" style=\"font-size: 11.0pt; line-height: 150%; font-family: 'Arial',sans-serif;\">Kesto:<\/span><\/strong><span lang=\"FI\" style=\"font-size: 11.0pt; line-height: 150%; font-family: 'Arial',sans-serif;\"> 3\u20134 tuntia<\/span><\/p>\n<p style=\"margin: 0cm; margin-bottom: .0001pt; line-height: 150%; background: #F1FFFA;\"><strong><span lang=\"FI\" style=\"font-size: 11.0pt; line-height: 150%; font-family: 'Arial',sans-serif;\">Hinta:<\/span><\/strong><span lang=\"FI\" style=\"font-size: 11.0pt; line-height: 150%; font-family: 'Arial',sans-serif;\"> 2\u20137 henkil\u00f6lle 280 euroa, 8\u201314 henkil\u00f6lle 490 euroa.<\/span><\/p>\n","protected":false},"excerpt":{"rendered":"<p>Aidu Veemaa on entisen \u00f6ljyliuskelouhoksen alueelle rakennettu ainutlaatuinen tekomaisema, joka sopii seikkailuun my\u00f6s vesien rannalla. Offroad-safari on kaveripiireille tarkoitettu eritt\u00e4in adrenaliinipitoinen seikkailu, jossa voi j\u00e4nnitt\u00e4v\u00e4n ajon lis\u00e4ksi tutustua entisen \u00f6ljyliuskekaivoksen mielenkiintoisin paikkoihin, kuten Sipelgam\u00e4gi (Muurahaisvuori), soutukanava, vanhat saostusaltaat, veden t\u00e4ytt\u00e4m\u00e4t kaivannot ja paljon muuta mielenkiintoista. Opas jakaa offroad-safarin seurueelle mielenkiintoista tietoa \u00f6ljyliuskeesta ja ymp\u00e4rist\u00f6nsuojelusta. Taatusti&hellip;<\/p>\n","protected":false},"author":2,"featured_media":0,"parent":0,"menu_order":0,"comment_status":"closed","ping_status":"closed","template":"","meta":{"ngg_post_thumbnail":0,"_wp_rev_ctl_limit":""},"_links":{"self":[{"href":"https:\/\/dvv.aidu.ee\/fi\/wp-json\/wp\/v2\/pages\/15619"}],"collection":[{"href":"https:\/\/dvv.aidu.ee\/fi\/wp-json\/wp\/v2\/pages"}],"about":[{"href":"https:\/\/dvv.aidu.ee\/fi\/wp-json\/wp\/v2\/types\/page"}],"author":[{"embeddable":true,"href":"https:\/\/dvv.aidu.ee\/fi\/wp-json\/wp\/v2\/users\/2"}],"replies":[{"embeddable":true,"href":"https:\/\/dvv.aidu.ee\/fi\/wp-json\/wp\/v2\/comments?post=15619"}],"version-history":[{"count":0,"href":"https:\/\/dvv.aidu.ee\/fi\/wp-json\/wp\/v2\/pages\/15619\/revisions"}],"wp:attachment":[{"href":"https:\/\/dvv.aidu.ee\/fi\/wp-json\/wp\/v2\/media?parent=15619"}],"curies":[{"name":"wp","href":"https:\/\/api.w.org\/{rel}","templated":true}]}}