{"id":15618,"date":"2018-07-03T22:29:14","date_gmt":"2018-07-03T19:29:14","guid":{"rendered":"https:\/\/www.aidu.ee\/kanoottiretki\/"},"modified":"2018-07-03T22:29:14","modified_gmt":"2018-07-03T19:29:14","slug":"kanoottiretki","status":"publish","type":"page","link":"https:\/\/dvv.aidu.ee\/fi\/kanoottiretki\/","title":{"rendered":"Kanoottiretki"},"content":{"rendered":"<p>Kanootti- tai kajakkiretkell\u00e4 varmasti monet meist\u00e4 ovat jo k\u00e4yneet.<\/p>\n<p>Lupaamme, ett\u00e4 Aidu Veemaalla kanoottiretkest\u00e4 tulee ihan erilainen el\u00e4mys, jolla voi n\u00e4hd\u00e4 vanhoja saostusaltaita, veden t\u00e4ytt\u00e4mi\u00e4 kaivantoja ja paljon muuta mielenkiintoista. Entisen louhosalueen tekomaisema on ihan ainutlaatuinen ja saa aikaan vaikutelman, ett\u00e4 olet jossakin scifi-avaruuselokuvassa.<\/p>\n<p>Kuinka pitk\u00e4 retki on? Ihan niin pitk\u00e4 kuin retkeilij\u00f6ill\u00e4 on aikaisempaa kokemusta ja halukkuutta: voidaan ajaa vain muutama kilometri tai vaikkapa 25 km. Aidussa on monta kymment\u00e4 kilometri\u00e4 eri-ilmeisi\u00e4 kanavia, ja jokainen tiimi voi suunnitelle mieleisens\u00e4 reitin.<\/p>\n<p><strong>Ryhm\u00e4n koko:<\/strong>\u00a0enint\u00e4\u00e4n 20 henke\u00e4<\/p>\n<p><strong>Kesto:<\/strong> 1\u20134 tuntia toiveen mukaan<\/p>\n<p><strong>Hinta:<\/strong> alk. 15 \u20ac\/hl\u00f6<\/p>\n<p style=\"text-align: center;\"><img decoding=\"async\" loading=\"lazy\" class=\"alignnone wp-image-15156 size-large\" src=\"https:\/\/dvv.aidu.ee\/wp-content\/uploads\/Aidu_VSK1-1024x683.jpg\" alt=\"\" width=\"1024\" height=\"683\" srcset=\"https:\/\/dvv.aidu.ee\/wp-content\/uploads\/Aidu_VSK1-1024x683.jpg 1024w, https:\/\/dvv.aidu.ee\/wp-content\/uploads\/Aidu_VSK1-300x200.jpg 300w, https:\/\/dvv.aidu.ee\/wp-content\/uploads\/Aidu_VSK1-768x512.jpg 768w, https:\/\/dvv.aidu.ee\/wp-content\/uploads\/Aidu_VSK1.jpg 1400w\" sizes=\"(max-width: 1024px) 100vw, 1024px\" \/><\/p>\n","protected":false},"excerpt":{"rendered":"<p>Kanootti- tai kajakkiretkell\u00e4 varmasti monet meist\u00e4 ovat jo k\u00e4yneet. Lupaamme, ett\u00e4 Aidu Veemaalla kanoottiretkest\u00e4 tulee ihan erilainen el\u00e4mys, jolla voi n\u00e4hd\u00e4 vanhoja saostusaltaita, veden t\u00e4ytt\u00e4mi\u00e4 kaivantoja ja paljon muuta mielenkiintoista. Entisen louhosalueen tekomaisema on ihan ainutlaatuinen ja saa aikaan vaikutelman, ett\u00e4 olet jossakin scifi-avaruuselokuvassa. Kuinka pitk\u00e4 retki on? Ihan niin pitk\u00e4 kuin retkeilij\u00f6ill\u00e4 on aikaisempaa&hellip;<\/p>\n","protected":false},"author":2,"featured_media":0,"parent":0,"menu_order":0,"comment_status":"closed","ping_status":"closed","template":"","meta":{"ngg_post_thumbnail":0,"_wp_rev_ctl_limit":""},"_links":{"self":[{"href":"https:\/\/dvv.aidu.ee\/fi\/wp-json\/wp\/v2\/pages\/15618"}],"collection":[{"href":"https:\/\/dvv.aidu.ee\/fi\/wp-json\/wp\/v2\/pages"}],"about":[{"href":"https:\/\/dvv.aidu.ee\/fi\/wp-json\/wp\/v2\/types\/page"}],"author":[{"embeddable":true,"href":"https:\/\/dvv.aidu.ee\/fi\/wp-json\/wp\/v2\/users\/2"}],"replies":[{"embeddable":true,"href":"https:\/\/dvv.aidu.ee\/fi\/wp-json\/wp\/v2\/comments?post=15618"}],"version-history":[{"count":0,"href":"https:\/\/dvv.aidu.ee\/fi\/wp-json\/wp\/v2\/pages\/15618\/revisions"}],"wp:attachment":[{"href":"https:\/\/dvv.aidu.ee\/fi\/wp-json\/wp\/v2\/media?parent=15618"}],"curies":[{"name":"wp","href":"https:\/\/api.w.org\/{rel}","templated":true}]}}