{"id":15617,"date":"2018-07-03T22:28:26","date_gmt":"2018-07-03T19:28:26","guid":{"rendered":"https:\/\/www.aidu.ee\/veneily\/"},"modified":"2018-07-03T22:28:26","modified_gmt":"2018-07-03T19:28:26","slug":"veneily","status":"publish","type":"page","link":"https:\/\/dvv.aidu.ee\/fi\/veneily\/","title":{"rendered":"Veneily"},"content":{"rendered":"<p>Tutustu Aidun louhokseen kulkemalla vesill\u00e4 moottoriveneell\u00e4 tai lautalla. Lis\u00e4varusteina voi k\u00e4ytt\u00e4\u00e4 my\u00f6s\u00a0<a href=\"https:\/\/www.aidu.ee\/fi\/vuokravarusteet\/\">SUP-lautaa, vesisuksia ja vesilautaa.<\/a><\/p>\n<p>Kuinka pitk\u00e4 retki on? Ihan niin pitk\u00e4 kuin retkeilij\u00f6ill\u00e4 on aikaisempaa kokemusta ja halukkuutta: voidaan ajaa vain muutama kilometri tai vaikkapa yht\u00e4jaksoisesti 25 km. Aidussa on monta kymment\u00e4 kilometri\u00e4 eri-ilmeisi\u00e4 kanavia, ja jokainen tiimi voi suunnitelle mieleisens\u00e4 reitin. Hintaan sis\u00e4ltyy enint\u00e4\u00e4n 2 tuntia veneily\u00e4.<\/p>\n<p><strong>Ryhm\u00e4n koko:<\/strong>\u00a0enint\u00e4\u00e4n 15 henke\u00e4<\/p>\n<p><strong>Kesto:<\/strong> enint\u00e4\u00e4n 2 tuntia tai sopimuksen mukaan, kunnes jaksaa<\/p>\n<p><strong>Hinta:<\/strong> alk. 25 \u20ac\/hl\u00f6<\/p>\n<p>&nbsp;<\/p>\n<p style=\"text-align: center;\"><img decoding=\"async\" loading=\"lazy\" class=\"alignnone wp-image-15450 size-large\" src=\"https:\/\/dvv.aidu.ee\/wp-content\/uploads\/Aidu_draakonpaat-1024x683.jpg\" alt=\"\" width=\"1024\" height=\"683\" srcset=\"https:\/\/dvv.aidu.ee\/wp-content\/uploads\/Aidu_draakonpaat-1024x683.jpg 1024w, https:\/\/dvv.aidu.ee\/wp-content\/uploads\/Aidu_draakonpaat-300x200.jpg 300w, https:\/\/dvv.aidu.ee\/wp-content\/uploads\/Aidu_draakonpaat-768x512.jpg 768w, https:\/\/dvv.aidu.ee\/wp-content\/uploads\/Aidu_draakonpaat.jpg 1400w\" sizes=\"(max-width: 1024px) 100vw, 1024px\" \/><\/p>\n","protected":false},"excerpt":{"rendered":"<p>Tutustu Aidun louhokseen kulkemalla vesill\u00e4 moottoriveneell\u00e4 tai lautalla. Lis\u00e4varusteina voi k\u00e4ytt\u00e4\u00e4 my\u00f6s\u00a0SUP-lautaa, vesisuksia ja vesilautaa. Kuinka pitk\u00e4 retki on? Ihan niin pitk\u00e4 kuin retkeilij\u00f6ill\u00e4 on aikaisempaa kokemusta ja halukkuutta: voidaan ajaa vain muutama kilometri tai vaikkapa yht\u00e4jaksoisesti 25 km. Aidussa on monta kymment\u00e4 kilometri\u00e4 eri-ilmeisi\u00e4 kanavia, ja jokainen tiimi voi suunnitelle mieleisens\u00e4 reitin. Hintaan sis\u00e4ltyy&hellip;<\/p>\n","protected":false},"author":2,"featured_media":0,"parent":0,"menu_order":0,"comment_status":"closed","ping_status":"closed","template":"","meta":{"ngg_post_thumbnail":0,"_wp_rev_ctl_limit":""},"_links":{"self":[{"href":"https:\/\/dvv.aidu.ee\/fi\/wp-json\/wp\/v2\/pages\/15617"}],"collection":[{"href":"https:\/\/dvv.aidu.ee\/fi\/wp-json\/wp\/v2\/pages"}],"about":[{"href":"https:\/\/dvv.aidu.ee\/fi\/wp-json\/wp\/v2\/types\/page"}],"author":[{"embeddable":true,"href":"https:\/\/dvv.aidu.ee\/fi\/wp-json\/wp\/v2\/users\/2"}],"replies":[{"embeddable":true,"href":"https:\/\/dvv.aidu.ee\/fi\/wp-json\/wp\/v2\/comments?post=15617"}],"version-history":[{"count":0,"href":"https:\/\/dvv.aidu.ee\/fi\/wp-json\/wp\/v2\/pages\/15617\/revisions"}],"wp:attachment":[{"href":"https:\/\/dvv.aidu.ee\/fi\/wp-json\/wp\/v2\/media?parent=15617"}],"curies":[{"name":"wp","href":"https:\/\/api.w.org\/{rel}","templated":true}]}}