{"id":15616,"date":"2018-07-03T22:26:58","date_gmt":"2018-07-03T19:26:58","guid":{"rendered":"https:\/\/www.aidu.ee\/pikaveneella-vesille\/"},"modified":"2018-07-03T22:26:58","modified_gmt":"2018-07-03T19:26:58","slug":"pikaveneella-vesille","status":"publish","type":"page","link":"https:\/\/dvv.aidu.ee\/fi\/pikaveneella-vesille\/","title":{"rendered":"Pikaveneell\u00e4 Vesille"},"content":{"rendered":"<p>&nbsp;<\/p>\n<p style=\"margin: 0cm; margin-bottom: .0001pt; line-height: 150%; background: #F1FFFA;\"><span lang=\"FI\" style=\"font-size: 11.0pt; line-height: 150%; font-family: 'Arial',sans-serif;\">Oletko koskaan kiit\u00e4nyt vesill\u00e4 130 km\/h?<\/span><\/p>\n<p style=\"margin: 0cm; margin-bottom: .0001pt; line-height: 150%; background: #F1FFFA;\"><span lang=\"FI\" style=\"font-size: 11.0pt; line-height: 150%; font-family: 'Arial',sans-serif;\">Meill\u00e4 Aidussa voi kokeilla sit\u00e4. Voitte tulla kaksin tai pienehk\u00f6ll\u00e4 seurueella nauttimaan eritt\u00e4in paljon adrenaliinia lupaavasta seikkailusta.\u00a0Pitk\u00e4ksi aikaa mieleen painuva venematka antaa mahdollisuuden tutkia louhosaluetta aika suurella nopeudella. T\u00e4ll\u00e4 kertaa et p\u00e4\u00e4se rattiin, mutta unohtamattoman kokemukset saat kilpaveneen takapenkill\u00e4 varmasti.<\/span><\/p>\n<p style=\"margin: 0cm; margin-bottom: .0001pt; line-height: 150%; background: #F1FFFA;\"><strong><span lang=\"FI\" style=\"font-size: 11.0pt; line-height: 150%; font-family: 'Arial',sans-serif;\">Ryhm\u00e4n koko:<\/span><\/strong><span lang=\"FI\" style=\"font-size: 11.0pt; line-height: 150%; font-family: 'Arial',sans-serif;\">\u00a0enint\u00e4\u00e4n 10 henke\u00e4<\/span><\/p>\n<p style=\"margin: 0cm; margin-bottom: .0001pt; line-height: 150%; background: #F1FFFA;\"><strong><span lang=\"FI\" style=\"font-size: 11.0pt; line-height: 150%; font-family: 'Arial',sans-serif;\">Kesto:<\/span><\/strong><span lang=\"FI\" style=\"font-size: 11.0pt; line-height: 150%; font-family: 'Arial',sans-serif;\"> 10\u201315 minuuttia valmistelutoimineen<\/span><\/p>\n<p style=\"margin: 0cm; margin-bottom: .0001pt; line-height: 150%; background: #F1FFFA;\"><strong><span lang=\"FI\" style=\"font-size: 11.0pt; line-height: 150%; font-family: 'Arial',sans-serif;\">Hinta:<\/span><\/strong><span lang=\"FI\" style=\"font-size: 11.0pt; line-height: 150%; font-family: 'Arial',sans-serif;\"> 45 \u20ac\/hl\u00f6<\/span><\/p>\n<p>&nbsp;<\/p>\n<p style=\"text-align: center;\"><img decoding=\"async\" loading=\"lazy\" class=\"alignnone wp-image-15238 size-large\" src=\"https:\/\/dvv.aidu.ee\/wp-content\/uploads\/avastaAidu5-1024x683.jpg\" alt=\"\" width=\"1024\" height=\"683\" srcset=\"https:\/\/dvv.aidu.ee\/wp-content\/uploads\/avastaAidu5-1024x683.jpg 1024w, https:\/\/dvv.aidu.ee\/wp-content\/uploads\/avastaAidu5-300x200.jpg 300w, https:\/\/dvv.aidu.ee\/wp-content\/uploads\/avastaAidu5-768x512.jpg 768w, https:\/\/dvv.aidu.ee\/wp-content\/uploads\/avastaAidu5-1536x1024.jpg 1536w, https:\/\/dvv.aidu.ee\/wp-content\/uploads\/avastaAidu5-2048x1366.jpg 2048w\" sizes=\"(max-width: 1024px) 100vw, 1024px\" \/><\/p>\n","protected":false},"excerpt":{"rendered":"<p>&nbsp; Oletko koskaan kiit\u00e4nyt vesill\u00e4 130 km\/h? Meill\u00e4 Aidussa voi kokeilla sit\u00e4. Voitte tulla kaksin tai pienehk\u00f6ll\u00e4 seurueella nauttimaan eritt\u00e4in paljon adrenaliinia lupaavasta seikkailusta.\u00a0Pitk\u00e4ksi aikaa mieleen painuva venematka antaa mahdollisuuden tutkia louhosaluetta aika suurella nopeudella. T\u00e4ll\u00e4 kertaa et p\u00e4\u00e4se rattiin, mutta unohtamattoman kokemukset saat kilpaveneen takapenkill\u00e4 varmasti. Ryhm\u00e4n koko:\u00a0enint\u00e4\u00e4n 10 henke\u00e4 Kesto: 10\u201315 minuuttia valmistelutoimineen&hellip;<\/p>\n","protected":false},"author":2,"featured_media":0,"parent":0,"menu_order":0,"comment_status":"closed","ping_status":"closed","template":"","meta":{"ngg_post_thumbnail":0,"_wp_rev_ctl_limit":""},"_links":{"self":[{"href":"https:\/\/dvv.aidu.ee\/fi\/wp-json\/wp\/v2\/pages\/15616"}],"collection":[{"href":"https:\/\/dvv.aidu.ee\/fi\/wp-json\/wp\/v2\/pages"}],"about":[{"href":"https:\/\/dvv.aidu.ee\/fi\/wp-json\/wp\/v2\/types\/page"}],"author":[{"embeddable":true,"href":"https:\/\/dvv.aidu.ee\/fi\/wp-json\/wp\/v2\/users\/2"}],"replies":[{"embeddable":true,"href":"https:\/\/dvv.aidu.ee\/fi\/wp-json\/wp\/v2\/comments?post=15616"}],"version-history":[{"count":0,"href":"https:\/\/dvv.aidu.ee\/fi\/wp-json\/wp\/v2\/pages\/15616\/revisions"}],"wp:attachment":[{"href":"https:\/\/dvv.aidu.ee\/fi\/wp-json\/wp\/v2\/media?parent=15616"}],"curies":[{"name":"wp","href":"https:\/\/api.w.org\/{rel}","templated":true}]}}