{"id":15614,"date":"2018-07-03T22:25:33","date_gmt":"2018-07-03T19:25:33","guid":{"rendered":"https:\/\/www.aidu.ee\/veneella-saunaan\/"},"modified":"2018-07-03T22:25:33","modified_gmt":"2018-07-03T19:25:33","slug":"veneella-saunaan","status":"publish","type":"page","link":"https:\/\/dvv.aidu.ee\/fi\/veneella-saunaan\/","title":{"rendered":"Veneell\u00e4 saunaan"},"content":{"rendered":"<p>Milt\u00e4 tuntuisi saunomisen ja pienen seikkailun yhdistelm\u00e4?<\/p>\n<p>Tarjoamme pienehk\u00f6ille seurueille mahdollisuutta retkeill\u00e4 Aidun louhoksen vesill\u00e4 liki 10 km. Sit\u00e4 varten annamme k\u00e4ytt\u00f6\u00f6si mieleisesi kulkuneuvon: kanootin, kajakin tai lohik\u00e4\u00e4rmeveneen. Veneell\u00e4 voi l\u00e4hte\u00e4 syrj\u00e4iseen kelluvaan saunaan, joka on k\u00e4yt\u00f6ss\u00e4nne niin kauan kuin haluatte. Muistakaa vain p\u00e4iv\u00e4nvalon loppuminen ja paluumatkaan kuluva aika. Seikkailu on varmasti taattu!<\/p>\n<p><strong>Ryhm\u00e4n koko:<\/strong>\u00a0enint\u00e4\u00e4n 15 henke\u00e4<\/p>\n<p><strong>Kesto:<\/strong> noin 4 tuntia<\/p>\n<p><strong>Hinta:<\/strong> alk. 15 \u20ac\/hl\u00f6 + saunan hinta<\/p>\n<p>Lis\u00e4ksi meilt\u00e4 voi vuokrata\u00a0<a href=\"https:\/\/www.aidu.ee\/fi\/vuokravarusteet\/\">vesiurheiluvarusteita.\u00a0<\/a>Yhteisty\u00f6ss\u00e4 hyvien kumppaneidemme kanssa tarjoamme ruokailua ja saunomisen mahdollisuutta.<\/p>\n<p>Ota kaverit mukaan ja ilmoita tulostasi etuk\u00e4teen: soita\u00a0+372 5307 1700 tai kirjoita\u00a0<a href=\"&#x6d;&#97;&#x69;&#108;t&#x6f;&#58;i&#x6e;&#102;&#x6f;&#x40;a&#x69;&#100;u&#x2e;&#101;&#x65;\">&#x69;&#110;&#102;o&#x40;&#x61;&#105;d&#x75;&#x2e;&#101;e<\/a>.<\/p>\n","protected":false},"excerpt":{"rendered":"<p>Milt\u00e4 tuntuisi saunomisen ja pienen seikkailun yhdistelm\u00e4? Tarjoamme pienehk\u00f6ille seurueille mahdollisuutta retkeill\u00e4 Aidun louhoksen vesill\u00e4 liki 10 km. Sit\u00e4 varten annamme k\u00e4ytt\u00f6\u00f6si mieleisesi kulkuneuvon: kanootin, kajakin tai lohik\u00e4\u00e4rmeveneen. Veneell\u00e4 voi l\u00e4hte\u00e4 syrj\u00e4iseen kelluvaan saunaan, joka on k\u00e4yt\u00f6ss\u00e4nne niin kauan kuin haluatte. Muistakaa vain p\u00e4iv\u00e4nvalon loppuminen ja paluumatkaan kuluva aika. Seikkailu on varmasti taattu! Ryhm\u00e4n koko:\u00a0enint\u00e4\u00e4n&hellip;<\/p>\n","protected":false},"author":2,"featured_media":0,"parent":0,"menu_order":0,"comment_status":"closed","ping_status":"closed","template":"","meta":{"ngg_post_thumbnail":0,"_wp_rev_ctl_limit":""},"_links":{"self":[{"href":"https:\/\/dvv.aidu.ee\/fi\/wp-json\/wp\/v2\/pages\/15614"}],"collection":[{"href":"https:\/\/dvv.aidu.ee\/fi\/wp-json\/wp\/v2\/pages"}],"about":[{"href":"https:\/\/dvv.aidu.ee\/fi\/wp-json\/wp\/v2\/types\/page"}],"author":[{"embeddable":true,"href":"https:\/\/dvv.aidu.ee\/fi\/wp-json\/wp\/v2\/users\/2"}],"replies":[{"embeddable":true,"href":"https:\/\/dvv.aidu.ee\/fi\/wp-json\/wp\/v2\/comments?post=15614"}],"version-history":[{"count":0,"href":"https:\/\/dvv.aidu.ee\/fi\/wp-json\/wp\/v2\/pages\/15614\/revisions"}],"wp:attachment":[{"href":"https:\/\/dvv.aidu.ee\/fi\/wp-json\/wp\/v2\/media?parent=15614"}],"curies":[{"name":"wp","href":"https:\/\/api.w.org\/{rel}","templated":true}]}}