{"id":15613,"date":"2018-07-03T22:24:20","date_gmt":"2018-07-03T19:24:20","guid":{"rendered":"https:\/\/www.aidu.ee\/lomanviettajalle\/"},"modified":"2020-12-15T12:12:03","modified_gmt":"2020-12-15T10:12:03","slug":"lomanviettajalle","status":"publish","type":"page","link":"https:\/\/dvv.aidu.ee\/fi\/lomanviettajalle\/","title":{"rendered":"Lomanviett\u00e4j\u00e4lle"},"content":{"rendered":"<p>Odotamme seikkailijoita Aidu Veemaalle sek\u00e4 y\u00f6ll\u00e4 ett\u00e4 p\u00e4iv\u00e4ll\u00e4, kev\u00e4\u00e4ll\u00e4, kes\u00e4ll\u00e4, syksyll\u00e4 ja jopa talvella. Tervetulleita ovat kaikki perheen, kaverien tai ty\u00f6tovereiden kanssa.<\/p>\n<p>J\u00e4rjest\u00e4mme Aidun louhoksilla vesi- ja seikkailuretki\u00e4, jotka sopivat kaikenik\u00e4isille ja kokemukseltaan erilaisille seikkailijoille<\/p>\n<ul>\n<li><a href=\"https:\/\/www.aidu.ee\/fi\/offroad-safari\/\">maastoautoilla<\/a><\/li>\n<li><u><a href=\"https:\/\/www.aidu.ee\/fi\/pikaveneella-vesille\/\">moottoriveneill\u00e4<\/a><\/u><\/li>\n<li><u><a href=\"https:\/\/www.aidu.ee\/fi\/kanoottiretki\/\">kanooteilla<\/a><\/u><\/li>\n<li><u><a href=\"https:\/\/www.aidu.ee\/fi\/veneily\/\">lautoilla<\/a><\/u><\/li>\n<li><u><a href=\"https:\/\/www.aidu.ee\/fi\/veneily\/\">lohik\u00e4\u00e4rmeveneell\u00e4<\/a><\/u>.<\/li>\n<li><u><a href=\"https:\/\/www.aidu.ee\/fi\/vuokravarusteet\/\">Vuokraamme vesisuksia<\/a><\/u><\/li>\n<\/ul>\n<p>Retkien hinta alk. 15 \u20ac\/hl\u00f6. Retken j\u00e4lkeen voi k\u00e4ytt\u00e4\u00e4 saunaa ja kylpytynnyreit\u00e4.<\/p>\n<p>Lupaamme, ett\u00e4\u00a0<u><a href=\"https:\/\/www.aidu.ee\/fi\/tulevaisuus\/\">viimeist\u00e4\u00e4n vuonna 2020<\/a><\/u>\u00a0Aidu Veemaa on paras, ainutlaatuisia seikkailuja tarjoava liikunta- ja lomanviettopaikka kaikille, jotka pit\u00e4v\u00e4t aktiivilomasta. Aidu Veemaan valmistumiseen asti asiasta kiinnostuneet voivat y\u00f6py\u00e4 teltoissa tai hyvien naapuriemme luona\u00a0<a href=\"http:\/\/www.tuhamaehostel.com\/en\/\">Tuham\u00e4e hostelissa.<\/a><\/p>\n<p>Haluatko tulla yst\u00e4viesi kanssa seikkailemaan?<\/p>\n<p style=\"text-align: center;\"><img decoding=\"async\" loading=\"lazy\" class=\"alignnone wp-image-15165 size-full\" src=\"https:\/\/dvv.aidu.ee\/wp-content\/uploads\/Aidu-3.jpg\" alt=\"\" width=\"1024\" height=\"768\" srcset=\"https:\/\/dvv.aidu.ee\/wp-content\/uploads\/Aidu-3.jpg 1024w, https:\/\/dvv.aidu.ee\/wp-content\/uploads\/Aidu-3-300x225.jpg 300w, https:\/\/dvv.aidu.ee\/wp-content\/uploads\/Aidu-3-768x576.jpg 768w\" sizes=\"(max-width: 1024px) 100vw, 1024px\" \/><\/p>\n","protected":false},"excerpt":{"rendered":"<p>Odotamme seikkailijoita Aidu Veemaalle sek\u00e4 y\u00f6ll\u00e4 ett\u00e4 p\u00e4iv\u00e4ll\u00e4, kev\u00e4\u00e4ll\u00e4, kes\u00e4ll\u00e4, syksyll\u00e4 ja jopa talvella. Tervetulleita ovat kaikki perheen, kaverien tai ty\u00f6tovereiden kanssa. J\u00e4rjest\u00e4mme Aidun louhoksilla vesi- ja seikkailuretki\u00e4, jotka sopivat kaikenik\u00e4isille ja kokemukseltaan erilaisille seikkailijoille maastoautoilla moottoriveneill\u00e4 kanooteilla lautoilla lohik\u00e4\u00e4rmeveneell\u00e4. Vuokraamme vesisuksia Retkien hinta alk. 15 \u20ac\/hl\u00f6. Retken j\u00e4lkeen voi k\u00e4ytt\u00e4\u00e4 saunaa ja kylpytynnyreit\u00e4. Lupaamme,&hellip;<\/p>\n","protected":false},"author":2,"featured_media":0,"parent":0,"menu_order":0,"comment_status":"closed","ping_status":"closed","template":"","meta":{"ngg_post_thumbnail":0,"_wp_rev_ctl_limit":""},"_links":{"self":[{"href":"https:\/\/dvv.aidu.ee\/fi\/wp-json\/wp\/v2\/pages\/15613"}],"collection":[{"href":"https:\/\/dvv.aidu.ee\/fi\/wp-json\/wp\/v2\/pages"}],"about":[{"href":"https:\/\/dvv.aidu.ee\/fi\/wp-json\/wp\/v2\/types\/page"}],"author":[{"embeddable":true,"href":"https:\/\/dvv.aidu.ee\/fi\/wp-json\/wp\/v2\/users\/2"}],"replies":[{"embeddable":true,"href":"https:\/\/dvv.aidu.ee\/fi\/wp-json\/wp\/v2\/comments?post=15613"}],"version-history":[{"count":0,"href":"https:\/\/dvv.aidu.ee\/fi\/wp-json\/wp\/v2\/pages\/15613\/revisions"}],"wp:attachment":[{"href":"https:\/\/dvv.aidu.ee\/fi\/wp-json\/wp\/v2\/media?parent=15613"}],"curies":[{"name":"wp","href":"https:\/\/api.w.org\/{rel}","templated":true}]}}