{"id":15612,"date":"2018-07-03T22:22:39","date_gmt":"2018-07-03T19:22:39","guid":{"rendered":"https:\/\/www.aidu.ee\/urheilijalle\/"},"modified":"2018-07-03T22:22:39","modified_gmt":"2018-07-03T19:22:39","slug":"urheilijalle","status":"publish","type":"page","link":"https:\/\/dvv.aidu.ee\/fi\/urheilijalle\/","title":{"rendered":"Urheilijalle"},"content":{"rendered":"<p>Aidu on hyvien lomanviettomahdollisuuksien lis\u00e4ksi ihanteellinen ymp\u00e4rist\u00f6 urheiluun. Haluatko melota, soutaa tai ajaa pikaveneell\u00e4? Kaikkea sit\u00e4 ja muitakin urheilulajeja voi harrastaa rauhassa kymmeni\u00e4 ja kymmeni\u00e4 kilometrej\u00e4 pitkiss\u00e4 Aidun louhoksissa.<\/p>\n<p>Lupaamme, ett\u00e4\u00a0<u><a href=\"https:\/\/www.aidu.ee\/fi\/tulevaisuus\/\">viimeist\u00e4\u00e4n vuonna 2020<\/a><\/u>\u00a0Aidu Veemaa on paras paikka maailmantason urheilukilpailujen j\u00e4rjest\u00e4miseen sek\u00e4 ainutlaatuisia seikkailuja tarjoava liikunta- ja lomanviettopaikka kaikille, jotka pit\u00e4v\u00e4t\u00a0<a href=\"https:\/\/www.aidu.ee\/fi\/lomanviettajalle\/\">aktiivilomasta<\/a>. Vaikka talot ovatkin viel\u00e4 rakenteilla, kaikki urheilijat ovat tervetulleita Aiduun j\u00e4rjest\u00e4m\u00e4\u00e4n treenileirin tai pienehk\u00f6n kilpailun. Aidu Veemaan valmistumiseen asti asiasta kiinnostuneet voivat y\u00f6py\u00e4 teltoissa tai hyvien naapuriemme luona\u00a0<a href=\"http:\/\/www.tuhamaehostel.com\/\">Tuham\u00e4e hostelissa.<\/a><\/p>\n<p>Haluatko tulla urheiluseurasi kanssa j\u00e4rjest\u00e4m\u00e4\u00e4n treenileirin? Tai muuten vain yst\u00e4viesi kanssa urheilemaan?<\/p>\n<p><img decoding=\"async\" loading=\"lazy\" class=\"aligncenter wp-image-15226 size-large\" src=\"https:\/\/dvv.aidu.ee\/wp-content\/uploads\/Aidu_sport-1024x683.jpg\" alt=\"\" width=\"1024\" height=\"683\" srcset=\"https:\/\/dvv.aidu.ee\/wp-content\/uploads\/Aidu_sport-1024x683.jpg 1024w, https:\/\/dvv.aidu.ee\/wp-content\/uploads\/Aidu_sport-300x200.jpg 300w, https:\/\/dvv.aidu.ee\/wp-content\/uploads\/Aidu_sport-768x512.jpg 768w, https:\/\/dvv.aidu.ee\/wp-content\/uploads\/Aidu_sport-1536x1024.jpg 1536w, https:\/\/dvv.aidu.ee\/wp-content\/uploads\/Aidu_sport-2048x1365.jpg 2048w\" sizes=\"(max-width: 1024px) 100vw, 1024px\" \/><\/p>\n","protected":false},"excerpt":{"rendered":"<p>Aidu on hyvien lomanviettomahdollisuuksien lis\u00e4ksi ihanteellinen ymp\u00e4rist\u00f6 urheiluun. Haluatko melota, soutaa tai ajaa pikaveneell\u00e4? Kaikkea sit\u00e4 ja muitakin urheilulajeja voi harrastaa rauhassa kymmeni\u00e4 ja kymmeni\u00e4 kilometrej\u00e4 pitkiss\u00e4 Aidun louhoksissa. Lupaamme, ett\u00e4\u00a0viimeist\u00e4\u00e4n vuonna 2020\u00a0Aidu Veemaa on paras paikka maailmantason urheilukilpailujen j\u00e4rjest\u00e4miseen sek\u00e4 ainutlaatuisia seikkailuja tarjoava liikunta- ja lomanviettopaikka kaikille, jotka pit\u00e4v\u00e4t\u00a0aktiivilomasta. Vaikka talot ovatkin viel\u00e4 rakenteilla,&hellip;<\/p>\n","protected":false},"author":2,"featured_media":0,"parent":0,"menu_order":0,"comment_status":"closed","ping_status":"closed","template":"","meta":{"ngg_post_thumbnail":0,"_wp_rev_ctl_limit":""},"_links":{"self":[{"href":"https:\/\/dvv.aidu.ee\/fi\/wp-json\/wp\/v2\/pages\/15612"}],"collection":[{"href":"https:\/\/dvv.aidu.ee\/fi\/wp-json\/wp\/v2\/pages"}],"about":[{"href":"https:\/\/dvv.aidu.ee\/fi\/wp-json\/wp\/v2\/types\/page"}],"author":[{"embeddable":true,"href":"https:\/\/dvv.aidu.ee\/fi\/wp-json\/wp\/v2\/users\/2"}],"replies":[{"embeddable":true,"href":"https:\/\/dvv.aidu.ee\/fi\/wp-json\/wp\/v2\/comments?post=15612"}],"version-history":[{"count":0,"href":"https:\/\/dvv.aidu.ee\/fi\/wp-json\/wp\/v2\/pages\/15612\/revisions"}],"wp:attachment":[{"href":"https:\/\/dvv.aidu.ee\/fi\/wp-json\/wp\/v2\/media?parent=15612"}],"curies":[{"name":"wp","href":"https:\/\/api.w.org\/{rel}","templated":true}]}}