{"id":15611,"date":"2018-07-03T22:21:44","date_gmt":"2018-07-03T19:21:44","guid":{"rendered":"https:\/\/www.aidu.ee\/palvelut\/"},"modified":"2018-07-03T22:21:44","modified_gmt":"2018-07-03T19:21:44","slug":"palvelut","status":"publish","type":"page","link":"https:\/\/dvv.aidu.ee\/fi\/palvelut\/","title":{"rendered":"Palvelut"},"content":{"rendered":"<p>Miksi tulisin Aidu Veemaalle?<\/p>\n<ul>\n<li>Aidu Veemaa sopii sek\u00e4 organisaatioille tiimity\u00f6n harjoitteluun, pariskunnille kahdenkeskisiin hetkiin ett\u00e4 lapsiperheille seikkailemiseen.<\/li>\n<li>Aidu Veemaalla tarjotaan mieleenpainuvia el\u00e4myksi\u00e4 sek\u00e4 niille, jotka haluavat seikkailla vesill\u00e4, ett\u00e4 niille, joita kiinnostaa vedenalainen maailma. Siell\u00e4 voi ajaa\u00a0<a href=\"https:\/\/www.aidu.ee\/fi\/pikaveneella-vesille\/\">moottoriveneill\u00e4<\/a>,\u00a0<a href=\"https:\/\/www.aidu.ee\/fi\/kanoottiretki\/\">kanooteilla<\/a>,\u00a0<a href=\"https:\/\/www.aidu.ee\/fi\/veneily\/\">lautoilla<\/a>,\u00a0<a href=\"https:\/\/www.aidu.ee\/fi\/vuokravarusteet\/\">lohik\u00e4\u00e4rmeveneell\u00e4<\/a>,\u00a0<a href=\"https:\/\/www.aidu.ee\/fi\/vuokravarusteet\/\">vesisuksilla ja wakeboardilla.<\/a><\/li>\n<li>Aidun louhoksessa voi l\u00e4hte\u00e4\u00a0<a href=\"https:\/\/www.aidu.ee\/fi\/offroad-safari\/\">maastoautoilla offroad-safariin<\/a>seikkailemaan my\u00f6s vesien rannalla olevassa kuumaastossa, mik\u00e4 kehitt\u00e4\u00e4 tiimity\u00f6taitoja.<\/li>\n<li>Aidu Veemaa on paikka, joka tarjoaa mahdollisuuden ker\u00e4ill\u00e4 erikoisia ja mieleenpainuvia el\u00e4myksi\u00e4 p\u00e4iv\u00e4ll\u00e4 ja y\u00f6ll\u00e4, koska\u00a0<u><a href=\"https:\/\/www.aidu.ee\/fi\/menneisyys\/\">historiallisesti muodostunut maisema<\/a><\/u> lis\u00e4\u00e4 seikkailuihin ainutlaatuista mystisyytt\u00e4 valoisana aikana tai pime\u00e4ss\u00e4.<\/li>\n<li>Aidun palvelut sopivat sek\u00e4 aloitteleville ett\u00e4 kokeneille vesiurheilun yst\u00e4ville, koska seikkailuoppaat ovat kokeneita alansa asiantuntijoita.<\/li>\n<\/ul>\n<p>Aidu Veemaan seikkailujen hinnat alkavat 15 eurosta henkil\u00f6\u00e4 kohden.\u00a0Hinta riippuu valitusta palvelusta ja ryhm\u00e4n koosta. Retken j\u00e4lkeen voi k\u00e4ytt\u00e4\u00e4 saunaa ja kylpytynnyreit\u00e4. Ennakkotilauksesta tarjoamme my\u00f6s ruokailua seikkailuun sopivaan tyyliin.<\/p>\n<p>Ellet osaa valita sopivaa palvelua t\u00e4lt\u00e4 listalta, kannattaa ottaa yhteytt\u00e4 meihin \u2013 suositamme sopivan seikkailun osallistujien kokemuksen, ryhm\u00e4n koon ja tiimity\u00f6n toiveen mukaan. Lis\u00e4ksi autamme hoitamaan varusteiden vuokrauksen. Ota kaverit mukaan ja ilmoita tulostasi: soita\u00a0+372 5307 1700 tai k&#105;&#x72;&#x6a;o&#105;&#x74;&#x61;\u00a0&#105;&#x6e;&#x66;o&#64;&#x61;&#x69;d&#117;&#x2e;&#x65;e.<\/p>\n","protected":false},"excerpt":{"rendered":"<p>Miksi tulisin Aidu Veemaalle? Aidu Veemaa sopii sek\u00e4 organisaatioille tiimity\u00f6n harjoitteluun, pariskunnille kahdenkeskisiin hetkiin ett\u00e4 lapsiperheille seikkailemiseen. Aidu Veemaalla tarjotaan mieleenpainuvia el\u00e4myksi\u00e4 sek\u00e4 niille, jotka haluavat seikkailla vesill\u00e4, ett\u00e4 niille, joita kiinnostaa vedenalainen maailma. Siell\u00e4 voi ajaa\u00a0moottoriveneill\u00e4,\u00a0kanooteilla,\u00a0lautoilla,\u00a0lohik\u00e4\u00e4rmeveneell\u00e4,\u00a0vesisuksilla ja wakeboardilla. Aidun louhoksessa voi l\u00e4hte\u00e4\u00a0maastoautoilla offroad-safariinseikkailemaan my\u00f6s vesien rannalla olevassa kuumaastossa, mik\u00e4 kehitt\u00e4\u00e4 tiimity\u00f6taitoja. Aidu Veemaa on&hellip;<\/p>\n","protected":false},"author":2,"featured_media":0,"parent":0,"menu_order":0,"comment_status":"closed","ping_status":"closed","template":"","meta":{"ngg_post_thumbnail":0,"_wp_rev_ctl_limit":""},"_links":{"self":[{"href":"https:\/\/dvv.aidu.ee\/fi\/wp-json\/wp\/v2\/pages\/15611"}],"collection":[{"href":"https:\/\/dvv.aidu.ee\/fi\/wp-json\/wp\/v2\/pages"}],"about":[{"href":"https:\/\/dvv.aidu.ee\/fi\/wp-json\/wp\/v2\/types\/page"}],"author":[{"embeddable":true,"href":"https:\/\/dvv.aidu.ee\/fi\/wp-json\/wp\/v2\/users\/2"}],"replies":[{"embeddable":true,"href":"https:\/\/dvv.aidu.ee\/fi\/wp-json\/wp\/v2\/comments?post=15611"}],"version-history":[{"count":0,"href":"https:\/\/dvv.aidu.ee\/fi\/wp-json\/wp\/v2\/pages\/15611\/revisions"}],"wp:attachment":[{"href":"https:\/\/dvv.aidu.ee\/fi\/wp-json\/wp\/v2\/media?parent=15611"}],"curies":[{"name":"wp","href":"https:\/\/api.w.org\/{rel}","templated":true}]}}