{"id":15610,"date":"2018-07-03T22:20:44","date_gmt":"2018-07-03T19:20:44","guid":{"rendered":"https:\/\/www.aidu.ee\/tulevaisuus\/"},"modified":"2020-12-15T12:48:57","modified_gmt":"2020-12-15T10:48:57","slug":"tulevaisuus","status":"publish","type":"page","link":"https:\/\/dvv.aidu.ee\/fi\/tulevaisuus\/","title":{"rendered":"Tulevaisuus"},"content":{"rendered":"<p>Hein\u00e4kuussa 2017 projekti \u201dAidun vesiurheilu- ja vapaa-ajankeskuksen kehitt\u00e4minen\u201d sai my\u00f6nteisen rahoitusp\u00e4\u00e4t\u00f6ksen Ettev\u00f5tluse Arendamise Sihtasutus -s\u00e4\u00e4ti\u00f6lt\u00e4.\u00a0Projektin puitteissa aiotaan rakentaa vuoteen 2020 menness\u00e4 entisen \u00f6ljyliuskelouhoksen tekomaisemiin ainutlaatuinen Aidu Veemaa, jolla yhdistyv\u00e4t huipputason vesiurheilun ja\u00a0<a href=\"https:\/\/www.aidu.ee\/fi\/palvelut\/\">aktiiviloman vieton mahdollisuudet<\/a>. Rakentamalla Aidu Veemaan hy\u00f6dynnet\u00e4\u00e4n\u00a0<a href=\"https:\/\/www.aidu.ee\/fi\/menneisyys\/\">nykyinen tekomaisema<\/a>\u00a0ja sinne kaivettu soutu- ja melontakanava. Otetaan k\u00e4ytt\u00f6\u00f6n ainutlaatuinen teollisuusperint\u00f6 ja muutetaan se ainutlaatuiseksi vesiseikkailujen paikaksi, jossa tarjotaan pian my\u00f6s ruokailua ja majoitusta. Kanavan rannalle rakennettavaan palvelurakennukseen on tulossa saunan ja lastenhuoneen lis\u00e4ksi ravintola ja tapahtumien j\u00e4rjest\u00e4miseen sopivat edustustilat enint\u00e4\u00e4n sadalle vierailijalle. Tietysti Aidussa on pian my\u00f6s kansainv\u00e4liset vaatimukset t\u00e4ytt\u00e4v\u00e4 maalitorni, jotta huippu-urheilukilpailut sujuisivat moitteettomasti. Katsomoon ja kanavan rannoille mahtuu samanaikaisesti jopa 5000 katselijaa.<\/p>\n<p>Vuonna 2020 Aidu Veemaa on entiseen \u00f6ljyliuskelouhokseen rakennettu vesiurheilu- ja vapaa-ajankeskus, jonka syd\u00e4men\u00e4 on kansainv\u00e4liset vaatimukset t\u00e4ytt\u00e4v\u00e4 soutukanava, verisuonina kymmeni\u00e4 kilometrej\u00e4 tekoj\u00e4rvi\u00e4, ja t\u00e4m\u00e4n kaiken pit\u00e4v\u00e4t vire\u00e4n\u00e4 vesill\u00e4, vedess\u00e4 ja veden rannalla harjoitettavat ulkoiluaktiviteetit: soutu, melonta, moottoriveneily, sukellus, purjehdus, retkeily ym. Aidu Veemaa auttaa hy\u00f6dynt\u00e4m\u00e4\u00e4n kaivostoiminnan pilaamaa joutomaata tuottamalla sinne mahdollisuuden harrastaa maailmantason vesiurheilua.<\/p>\n<p><img decoding=\"async\" loading=\"lazy\" class=\"alignnone wp-image-15465 size-large\" src=\"https:\/\/dvv.aidu.ee\/wp-content\/uploads\/RENDER-1-scaled-1024x724.jpg\" alt=\"\" width=\"1024\" height=\"724\" srcset=\"https:\/\/dvv.aidu.ee\/wp-content\/uploads\/RENDER-1-scaled-1024x724.jpg 1024w, https:\/\/dvv.aidu.ee\/wp-content\/uploads\/RENDER-1-scaled-300x212.jpg 300w, https:\/\/dvv.aidu.ee\/wp-content\/uploads\/RENDER-1-scaled-768x543.jpg 768w, https:\/\/dvv.aidu.ee\/wp-content\/uploads\/RENDER-1-scaled-1536x1087.jpg 1536w, https:\/\/dvv.aidu.ee\/wp-content\/uploads\/RENDER-1-scaled-2048x1449.jpg 2048w\" sizes=\"(max-width: 1024px) 100vw, 1024px\" \/><\/p>\n<p><em>Projektille \u201dAidun vesiurheilu- ja vapaa-ajankeskuksen kehitt\u00e4minen\u201d my\u00f6nnetyn avustuksen m\u00e4\u00e4r\u00e4 on 3,7 miljoonaa euroa.\u00a0Rahoittaja on Viron alueiden kilpailukyky\u00e4 vahvistavien investointien tukikaava, lis\u00e4rahoittaja Euroopan aluekehitysrahasto.<\/em><\/p>\n<p><em><img decoding=\"async\" loading=\"lazy\" class=\"wp-image-15488 alignleft\" style=\"text-align: center;\" src=\"https:\/\/dvv.aidu.ee\/wp-content\/uploads\/EU-logo-300x174.png\" alt=\"\" width=\"188\" height=\"109\" srcset=\"https:\/\/dvv.aidu.ee\/wp-content\/uploads\/EU-logo-300x174.png 300w, https:\/\/dvv.aidu.ee\/wp-content\/uploads\/EU-logo.png 413w\" sizes=\"(max-width: 188px) 100vw, 188px\" \/><\/em><\/p>\n","protected":false},"excerpt":{"rendered":"<p>Hein\u00e4kuussa 2017 projekti \u201dAidun vesiurheilu- ja vapaa-ajankeskuksen kehitt\u00e4minen\u201d sai my\u00f6nteisen rahoitusp\u00e4\u00e4t\u00f6ksen Ettev\u00f5tluse Arendamise Sihtasutus -s\u00e4\u00e4ti\u00f6lt\u00e4.\u00a0Projektin puitteissa aiotaan rakentaa vuoteen 2020 menness\u00e4 entisen \u00f6ljyliuskelouhoksen tekomaisemiin ainutlaatuinen Aidu Veemaa, jolla yhdistyv\u00e4t huipputason vesiurheilun ja\u00a0aktiiviloman vieton mahdollisuudet. Rakentamalla Aidu Veemaan hy\u00f6dynnet\u00e4\u00e4n\u00a0nykyinen tekomaisema\u00a0ja sinne kaivettu soutu- ja melontakanava. Otetaan k\u00e4ytt\u00f6\u00f6n ainutlaatuinen teollisuusperint\u00f6 ja muutetaan se ainutlaatuiseksi vesiseikkailujen paikaksi, jossa&hellip;<\/p>\n","protected":false},"author":2,"featured_media":0,"parent":0,"menu_order":0,"comment_status":"closed","ping_status":"closed","template":"","meta":{"ngg_post_thumbnail":0,"_wp_rev_ctl_limit":""},"_links":{"self":[{"href":"https:\/\/dvv.aidu.ee\/fi\/wp-json\/wp\/v2\/pages\/15610"}],"collection":[{"href":"https:\/\/dvv.aidu.ee\/fi\/wp-json\/wp\/v2\/pages"}],"about":[{"href":"https:\/\/dvv.aidu.ee\/fi\/wp-json\/wp\/v2\/types\/page"}],"author":[{"embeddable":true,"href":"https:\/\/dvv.aidu.ee\/fi\/wp-json\/wp\/v2\/users\/2"}],"replies":[{"embeddable":true,"href":"https:\/\/dvv.aidu.ee\/fi\/wp-json\/wp\/v2\/comments?post=15610"}],"version-history":[{"count":0,"href":"https:\/\/dvv.aidu.ee\/fi\/wp-json\/wp\/v2\/pages\/15610\/revisions"}],"wp:attachment":[{"href":"https:\/\/dvv.aidu.ee\/fi\/wp-json\/wp\/v2\/media?parent=15610"}],"curies":[{"name":"wp","href":"https:\/\/api.w.org\/{rel}","templated":true}]}}