{"id":15609,"date":"2018-07-03T22:19:12","date_gmt":"2018-07-03T19:19:12","guid":{"rendered":"https:\/\/www.aidu.ee\/menneisyys\/"},"modified":"2018-07-03T22:19:12","modified_gmt":"2018-07-03T19:19:12","slug":"menneisyys","status":"publish","type":"page","link":"https:\/\/dvv.aidu.ee\/fi\/menneisyys\/","title":{"rendered":"Menneisyys"},"content":{"rendered":"<p>Aidu Veemaalle antaa ainutlaatuisen taustan sen sijainti, eli Koillis-Viro kaivoksineen ja teollisine menneisyyksineen. Nykyisen vedenpinnan alla aikoinaan jyrisseet kaivinkoneet tekev\u00e4t t\u00e4st\u00e4 paikasta mahtavamman kuin mit\u00e4 pelkk\u00e4 kaunis j\u00e4rvi olisi.<\/p>\n<p>Aidun louhos oli vuonna 1974 avattu avolouhos It\u00e4-Virumaalla. Ennen \u00f6ljyliuskelouhoksen perustamista alueella oli ihmisasutusta: Aidun kyli\u00e4 on mainittu kirjallisissa l\u00e4hteiss\u00e4 jo vuonna 1241. Louhoksen perustamisen vuoksi purettiin kolme kyl\u00e4\u00e4 \u2013 Aidu, Aidu-N\u00f5mme ja Aidu-Liiva \u2013 ja h\u00e4\u00e4dettiin kodeistaan yli 200 perhett\u00e4.<\/p>\n<p>Aidun kaivosalueen koko oli noin 25 neli\u00f6kilometri\u00e4 ja \u00f6ljyliusketuotanto ulottui 2,4 miljoonaan tonniin vuodessa. Yhteens\u00e4 alueelta on louhittu liki 90 miljoonaa tonnia \u00f6ljyliusketta.<\/p>\n<p>Kaivostoiminta Aidussa lopetettiin vuonna 2012 esiintym\u00e4n tyhjent\u00e4misen vuoksi. Eesti Energia Kaevandused AS suoritti Aidun louhoksen sulkemista ja turvalliseksi muuttamista varten kaivosalueen kunnostusty\u00f6t. T\u00f6iden osana tasoitettiin ja metsitettiin maaper\u00e4 ja kaivettiin soutukanava. Louhoksen sulkemisen ja pumppauksen loppumisen seurauksena alueen etel\u00e4osassa sijaitsevat kuljetustiet t\u00e4yttyiv\u00e4t vedell\u00e4 ja muodostui omaleimainen tekoj\u00e4rvien eli sivukanavien verkko. \u00d6ljyliuskelouhoksen vanhemmat osat ovat nyky\u00e4\u00e4n jo maa- ja mets\u00e4talousk\u00e4yt\u00f6ss\u00e4.<\/p>\n<p>Ideaa, ett\u00e4 kaivostoiminnan tuloksena syntyneet tekomaisemat muokataan aktiivilomapaikaksi, on pohdittu vuodesta 2000. Kunta on ideoinnissa tehnyt aktiivista yhteisty\u00f6t\u00e4 Eesti Energia Kaevandused AS -kaivosyhti\u00f6n, Viron soutuliiton, Viron olympiakomitean ja muiden asianosaisten kanssa.<\/p>\n<p>Joulukuussa 2009 kaikki eturyhm\u00e4t allekirjoittivat Viron olympiakomiteassa alueen kehitt\u00e4mist\u00e4 koskevan aiesopimuksen.\u00a0Vuonna 2010 valmistui \u201dAidun soutukanavan sek\u00e4 vesiurheilu- ja vapaa-ajankeskuksen rakentamisen ohjelma\u201d. Vuonna 2011 vahvistettiin aluekaava sek\u00e4 tuolloinen Maidlan kunta, Viron olympiakomitea, Viron soutuliitto, Viron melontaliitto ja Viron moottoriveneurheiluliitto perustivat Aidu Veespordikeskus -s\u00e4\u00e4ti\u00f6n, jonka tavoitteena oli luoda\u00a0<a href=\"https:\/\/www.aidu.ee\/fi\/tulevaisuus\/\">nykyaikainen vesiurheilu- ja vapaa-ajankeskus<\/a>.<\/p>\n<p style=\"text-align: center;\"><a href=\"https:\/\/www.energia.ee\/et\/avaleht\" target=\"_blank\" rel=\"noopener noreferrer\"><img decoding=\"async\" loading=\"lazy\" class=\"size-medium wp-image-15559 alignleft\" src=\"https:\/\/dvv.aidu.ee\/wp-content\/uploads\/eesti-energia-300x121.png\" alt=\"\" width=\"300\" height=\"121\" srcset=\"https:\/\/dvv.aidu.ee\/wp-content\/uploads\/eesti-energia-300x121.png 300w, https:\/\/dvv.aidu.ee\/wp-content\/uploads\/eesti-energia-1024x413.png 1024w, https:\/\/dvv.aidu.ee\/wp-content\/uploads\/eesti-energia-768x310.png 768w, https:\/\/dvv.aidu.ee\/wp-content\/uploads\/eesti-energia.png 1200w\" sizes=\"(max-width: 300px) 100vw, 300px\" \/><\/a><\/p>\n","protected":false},"excerpt":{"rendered":"<p>Aidu Veemaalle antaa ainutlaatuisen taustan sen sijainti, eli Koillis-Viro kaivoksineen ja teollisine menneisyyksineen. Nykyisen vedenpinnan alla aikoinaan jyrisseet kaivinkoneet tekev\u00e4t t\u00e4st\u00e4 paikasta mahtavamman kuin mit\u00e4 pelkk\u00e4 kaunis j\u00e4rvi olisi. Aidun louhos oli vuonna 1974 avattu avolouhos It\u00e4-Virumaalla. Ennen \u00f6ljyliuskelouhoksen perustamista alueella oli ihmisasutusta: Aidun kyli\u00e4 on mainittu kirjallisissa l\u00e4hteiss\u00e4 jo vuonna 1241. Louhoksen perustamisen vuoksi&hellip;<\/p>\n","protected":false},"author":2,"featured_media":0,"parent":0,"menu_order":0,"comment_status":"closed","ping_status":"closed","template":"","meta":{"ngg_post_thumbnail":0,"_wp_rev_ctl_limit":""},"_links":{"self":[{"href":"https:\/\/dvv.aidu.ee\/fi\/wp-json\/wp\/v2\/pages\/15609"}],"collection":[{"href":"https:\/\/dvv.aidu.ee\/fi\/wp-json\/wp\/v2\/pages"}],"about":[{"href":"https:\/\/dvv.aidu.ee\/fi\/wp-json\/wp\/v2\/types\/page"}],"author":[{"embeddable":true,"href":"https:\/\/dvv.aidu.ee\/fi\/wp-json\/wp\/v2\/users\/2"}],"replies":[{"embeddable":true,"href":"https:\/\/dvv.aidu.ee\/fi\/wp-json\/wp\/v2\/comments?post=15609"}],"version-history":[{"count":0,"href":"https:\/\/dvv.aidu.ee\/fi\/wp-json\/wp\/v2\/pages\/15609\/revisions"}],"wp:attachment":[{"href":"https:\/\/dvv.aidu.ee\/fi\/wp-json\/wp\/v2\/media?parent=15609"}],"curies":[{"name":"wp","href":"https:\/\/api.w.org\/{rel}","templated":true}]}}