{"id":15608,"date":"2018-07-03T22:17:53","date_gmt":"2018-07-03T19:17:53","guid":{"rendered":"https:\/\/www.aidu.ee\/aidun-luohos\/"},"modified":"2018-07-03T22:17:53","modified_gmt":"2018-07-03T19:17:53","slug":"aidun-luohos","status":"publish","type":"page","link":"https:\/\/dvv.aidu.ee\/fi\/aidun-luohos\/","title":{"rendered":"Aidun luohos"},"content":{"rendered":"<p>Aidu Veemaa on entisen suljetun \u00f6ljyliuskelouhoksen alueelle rakennettu vesiurheilu- ja vapaa-ajankeskus, ja siell\u00e4 tarjottavat seikkailut jatkavat tarinaa entisen louhosalueen uudelleensynnyst\u00e4. Vaikka kansainv\u00e4liset vaatimukset t\u00e4ytt\u00e4v\u00e4 urheilukeskus valmistuu vuoteen 2020 menness\u00e4, tarjotaan jo nyt\u00a0<a href=\"https:\/\/www.aidu.ee\/fi\/palvelut\/\">Aidussa seikkailuja sek\u00e4 vesill\u00e4, vedess\u00e4 ett\u00e4 vesien rannalla.<\/a><\/p>\n<p>Aidu Veemaan perustamisella Aidun louhoksessa on alkanut uusi aikakausi, joka kohdistuu louhosalueen kehitt\u00e4miseen ja my\u00f6nteiseen tulevaisuuteen. Aidun h\u00e4vinneiden kylien ja \u00f6ljyliuskeen louhinnan aikakauden symbolina ja keskeisen\u00e4 ideana on vedenalainen historiamaailma, jota esitell\u00e4\u00e4n seikkailujen kautta. Vedenalainen historiamaailma ja toiminnat vesill\u00e4 muodostavat yhdess\u00e4 ainutlaatuisen Aidun vesimaailman. Keskus esittelee vierailijalle\u00a0<a href=\"https:\/\/www.aidu.ee\/fi\/menneisyys\/\">Aidun \u00f6ljyliuskelouhoksen tarinaa<\/a> alkaen louhoksen perustamisesta ja sen vaikutuksista ihmis- ja luonnonymp\u00e4rist\u00f6\u00f6n nykyisiin urheilun harrastamisen ja vapaa-ajan vieton mahdollisuuksiin asti.<\/p>\n<p><a href=\"https:\/\/www.aidu.ee\/fi\/tulevaisuus\/\">Viimeist\u00e4\u00e4n vuonna 2020<\/a>\u00a0Aidu Veemaa on paras paikka maailmantason urheilukilpailujen j\u00e4rjest\u00e4miseen sek\u00e4 ainutlaatuisia seikkailuja tarjoava liikunta- ja lomanviettopaikka kaikille, jotka pit\u00e4v\u00e4t aktiivilomasta. Aidussa on pian tekomaisemaan rakennettu ainutlaatuinen kohde huipputason kansainv\u00e4listen urheilutapahtumien j\u00e4rjest\u00e4miseen ja pelkk\u00e4\u00e4n seikkailemiseen.<\/p>\n<p>Ensimm\u00e4isen kerran Aidu Veemaalle saapuneet kokevat taatusti ylt\u00e4kyll\u00e4isi\u00e4 tunteita. Siihen on yksinkertainen syy: maailmassa on v\u00e4h\u00e4n paikkoja, joissa toimivat yht\u00e4 aidossa symbioosissa maa ja vesi, teollisuus ja luonto, urheilu ja kulttuuri, menneisyys ja nykyaika.<\/p>\n<p>N\u00e4kym\u00e4 Aidun louhokselle nyt:\u00a0<a href=\"http:\/\/www.taevakaamera.ee\/360\/aidu.html\" target=\"_blank\" rel=\"noopener noreferrer\">www.taevakaamera.ee\/360\/aidu<\/a><\/p>\n","protected":false},"excerpt":{"rendered":"<p>Aidu Veemaa on entisen suljetun \u00f6ljyliuskelouhoksen alueelle rakennettu vesiurheilu- ja vapaa-ajankeskus, ja siell\u00e4 tarjottavat seikkailut jatkavat tarinaa entisen louhosalueen uudelleensynnyst\u00e4. Vaikka kansainv\u00e4liset vaatimukset t\u00e4ytt\u00e4v\u00e4 urheilukeskus valmistuu vuoteen 2020 menness\u00e4, tarjotaan jo nyt\u00a0Aidussa seikkailuja sek\u00e4 vesill\u00e4, vedess\u00e4 ett\u00e4 vesien rannalla. Aidu Veemaan perustamisella Aidun louhoksessa on alkanut uusi aikakausi, joka kohdistuu louhosalueen kehitt\u00e4miseen ja my\u00f6nteiseen tulevaisuuteen.&hellip;<\/p>\n","protected":false},"author":2,"featured_media":0,"parent":0,"menu_order":0,"comment_status":"closed","ping_status":"closed","template":"","meta":{"ngg_post_thumbnail":0,"_wp_rev_ctl_limit":""},"_links":{"self":[{"href":"https:\/\/dvv.aidu.ee\/fi\/wp-json\/wp\/v2\/pages\/15608"}],"collection":[{"href":"https:\/\/dvv.aidu.ee\/fi\/wp-json\/wp\/v2\/pages"}],"about":[{"href":"https:\/\/dvv.aidu.ee\/fi\/wp-json\/wp\/v2\/types\/page"}],"author":[{"embeddable":true,"href":"https:\/\/dvv.aidu.ee\/fi\/wp-json\/wp\/v2\/users\/2"}],"replies":[{"embeddable":true,"href":"https:\/\/dvv.aidu.ee\/fi\/wp-json\/wp\/v2\/comments?post=15608"}],"version-history":[{"count":0,"href":"https:\/\/dvv.aidu.ee\/fi\/wp-json\/wp\/v2\/pages\/15608\/revisions"}],"wp:attachment":[{"href":"https:\/\/dvv.aidu.ee\/fi\/wp-json\/wp\/v2\/media?parent=15608"}],"curies":[{"name":"wp","href":"https:\/\/api.w.org\/{rel}","templated":true}]}}